{"id":2355,"date":"2024-10-31T07:28:38","date_gmt":"2024-10-31T05:28:38","guid":{"rendered":"https:\/\/poderecalvaiola.com\/datenschutzbestimmungen\/"},"modified":"2025-11-26T14:14:47","modified_gmt":"2025-11-26T12:14:47","slug":"datenschutzbestimmungen","status":"publish","type":"page","link":"https:\/\/poderecalvaiola.com\/de\/datenschutzbestimmungen\/","title":{"rendered":"Datenschutzbestimmungen"},"content":{"rendered":"\t\t<div data-elementor-type=\"wp-page\" data-elementor-id=\"2355\" class=\"elementor elementor-2355 elementor-912\" data-elementor-post-type=\"page\">\n\t\t\t\t<div class=\"elementor-element elementor-element-1287c2c1 e-flex e-con-boxed e-con e-parent\" data-id=\"1287c2c1\" data-element_type=\"container\" data-e-type=\"container\">\n\t\t\t\t\t<div class=\"e-con-inner\">\n\t\t\t\t<div class=\"elementor-element elementor-element-41d6703 elementor-widget elementor-widget-text-editor\" data-id=\"41d6703\" data-element_type=\"widget\" data-e-type=\"widget\" data-widget_type=\"text-editor.default\">\n\t\t\t\t<div class=\"elementor-widget-container\">\n\t\t\t\t\t\t\t\t\t<h2 class=\"wp-block-heading\">Datenschutzbestimmungen  <\/h2><pre class=\"wp-block-heading\">Daten\u00fcbermittlung und -verarbeitung f\u00fcr die Tokenisierung und Verwaltung von Buchungen Zur Verbesserung der Buchungsverwaltung nutzt die Unterkunft den Tokenisierungsdienst von Takyon S.r.l. Zu diesem Zweck k\u00f6nnen einige vom Benutzer bereitgestellte personenbezogene Daten (Name, Nachname, E-Mail, Nationalit\u00e4t, Telefonnummer und Buchungsdetails) an Takyon weitergegeben werden. Takyon verarbeitet diese Daten ausschlie\u00dflich zum Zweck der Erstellung, Verwaltung, Unterst\u00fctzung und Erm\u00f6glichung des Zugriffs auf die tokenisierte Version der Buchung \u00fcber digital. \n<\/pre><p>[13:11, 26\/11\/2025] ChatGPT: In \u00dcbereinstimmung mit der EU-Verordnung 2016\/679 (GDPR) informieren wir unsere G\u00e4ste dar\u00fcber, dass alle zur Verf\u00fcgung gestellten personenbezogenen Daten rechtm\u00e4\u00dfig, fair und transparent f\u00fcr die folgenden Zwecke verarbeitet werden:<\/p><p>1. Inhaber der Datenverarbeitung <br>Pietro Giardini &#8211; Podere Calvaiola <br>S.P. 14 per Miemo, 21 &#8211; 56040 Montecatini Val di Cecina (PI), Italy <br>Tel. +39 335 125 2412<\/p><p>2. Zweck der Datenverarbeitung <br>&#8211; Verwaltung von Buchungen und G\u00e4steaufenthalten <br>&#8211; Einhaltung von Verwaltungs- und Steuervorschriften <br>&#8211; Obligatorische Mitteilungen an Beh\u00f6rden (z.B. polizeiliche Anmeldung) <br>&#8211; Werbliche Mitteilungen nur mit vorheriger Zustimmung<\/p><p>3. Rechtsgrundlage <br>Die Datenverarbeitung ist f\u00fcr die Erf\u00fcllung eines Vertrags (z.B. Ihre Buchung) und f\u00fcr die Einhaltung gesetzlicher Verpflichtungen erforderlich.<\/p><p>4. Datenaufbewahrung <br>Personenbezogene Daten werden nur so lange aufbewahrt, wie es zur Erf\u00fcllung der oben genannten Zwecke und in \u00dcbereinstimmung mit den gesetzlichen Bestimmungen erforderlich ist.<\/p><p>5. Rechte der betroffenen Person <br>G\u00e4ste k\u00f6nnen jederzeit Zugang zu ihren pers\u00f6nlichen Daten sowie deren Berichtigung, L\u00f6schung oder Einschr\u00e4nkung verlangen, indem sie sich an den f\u00fcr die Datenverarbeitung Verantwortlichen wenden.<\/p><p>6. Datenweitergabe<br>[13:11, 26\/11\/2025] ChatGPT: Die Daten werden nicht weitergegeben. Sie d\u00fcrfen nur an autorisierte Dritte oder f\u00fcr gesetzliche Verpflichtungen (z.B. Buchhalter, Beh\u00f6rden) weitergegeben werden. <\/p><p>7. Beschwerden <br>Sie k\u00f6nnen eine Beschwerde bei der italienischen Datenschutzbeh\u00f6rde (www.garanteprivacy.it) einreichen.<\/p><h2 class=\"wp-block-heading\">Wer wir sind<\/h2><p>Unsere Website-Adresse lautet: http:\/\/poderecalvaiola.com.<\/p><h2 class=\"wp-block-heading\">Kommentare<\/h2><p>Wenn Besucher Kommentare auf der Website hinterlassen, sammeln wir die Daten, die im Kommentarformular angezeigt werden, sowie die IP-Adresse des Besuchers und den User-Agent-String des Browsers, um die Spam-Erkennung zu erleichtern.<\/p><p>Eine anonymisierte Zeichenfolge, die aus Ihrer E-Mail-Adresse erstellt wird (auch Hash genannt), kann dem Gravatar-Dienst zur Verf\u00fcgung gestellt werden, um zu sehen, ob Sie ihn verwenden. Die Datenschutzrichtlinien des Gravatar-Dienstes finden Sie hier: https:\/\/automattic.com\/privacy\/. Nach der Genehmigung Ihres Kommentars ist Ihr Profilbild im Zusammenhang mit Ihrem Kommentar \u00f6ffentlich sichtbar. <\/p><h2 class=\"wp-block-heading\">Medien<\/h2><p>Wenn Sie Bilder auf die Website hochladen, sollten Sie es vermeiden, Bilder hochzuladen, die eingebettete Standortdaten (EXIF-GPS) enthalten. Besucher der Website k\u00f6nnen alle Standortdaten von Bildern auf der Website herunterladen und extrahieren. <\/p><h2 class=\"wp-block-heading\">Cookies<\/h2><p>Wenn Sie einen Kommentar auf unserer Website hinterlassen, k\u00f6nnen Sie sich damit einverstanden erkl\u00e4ren, dass Ihr Name, Ihre E-Mail-Adresse und Ihre Website in Cookies gespeichert werden. Dies dient Ihrer Bequemlichkeit, damit Sie Ihre Daten nicht erneut eingeben m\u00fcssen, wenn Sie einen weiteren Kommentar hinterlassen. Diese Cookies sind ein Jahr lang g\u00fcltig.  <\/p><p>Wenn Sie unsere Anmeldeseite besuchen, setzen wir ein tempor\u00e4res Cookie, um festzustellen, ob Ihr Browser Cookies zul\u00e4sst. Dieses Cookie enth\u00e4lt keine pers\u00f6nlichen Daten und wird verworfen, wenn Sie Ihren Browser schlie\u00dfen. <\/p><p>Wenn Sie sich anmelden, legen wir au\u00dferdem mehrere Cookies an, um Ihre Anmeldeinformationen und die von Ihnen gew\u00e4hlten Bildschirmoptionen zu speichern. Die Anmelde-Cookies bleiben zwei Tage lang gespeichert, die Cookies f\u00fcr die Bildschirmoptionen ein Jahr lang. Wenn Sie &#8222;Angemeldet bleiben&#8220; w\u00e4hlen, bleibt Ihr Login zwei Wochen lang erhalten. Wenn Sie sich von Ihrem Konto abmelden, werden die Anmelde-Cookies entfernt.   <\/p><p>Wenn Sie einen Artikel bearbeiten oder ver\u00f6ffentlichen, wird ein zus\u00e4tzliches Cookie in Ihrem Browser gespeichert. Dieses Cookie enth\u00e4lt keine pers\u00f6nlichen Daten und zeigt lediglich die Post-ID des Artikels an, den Sie gerade bearbeitet haben. Er verf\u00e4llt nach 1 Tag.  <\/p><h2 class=\"wp-block-heading\">Eingebettete Inhalte von anderen Websites<\/h2><p>Die Artikel auf dieser Website k\u00f6nnen eingebettete Inhalte enthalten (z.B. Videos, Bilder, Artikel usw.). Eingebettete Inhalte von anderen Websites verhalten sich genau so, als ob der Besucher die andere Website besucht h\u00e4tte. <\/p><p>Diese Websites k\u00f6nnen Daten \u00fcber Sie sammeln, Cookies verwenden, zus\u00e4tzliche Trackingfunktionen von Drittanbietern einbetten und Ihre Interaktion mit diesen eingebetteten Inhalten \u00fcberwachen, einschlie\u00dflich der Verfolgung Ihrer Interaktion mit den eingebetteten Inhalten, wenn Sie ein Konto haben und auf dieser Website angemeldet sind.<\/p><h2 class=\"wp-block-heading\">Mit wem wir Ihre Daten teilen<\/h2><p><strong class=\"privacy-policy-tutorial\"> <\/strong>Wenn Sie eine Passwortr\u00fccksetzung anfordern, wird Ihre IP-Adresse in der R\u00fccksetzungs-E-Mail enthalten sein.<\/p><h2 class=\"wp-block-heading\">Wie lange wir Ihre Daten aufbewahren<\/h2><p>Wenn Sie einen Kommentar hinterlassen, werden der Kommentar und seine Metadaten auf unbestimmte Zeit gespeichert. Auf diese Weise k\u00f6nnen wir Folgekommentare automatisch erkennen und genehmigen, anstatt sie in einer Moderationswarteschlange zu halten. <\/p><p>F\u00fcr Benutzer, die sich auf unserer Website registrieren (falls vorhanden), speichern wir auch die pers\u00f6nlichen Daten, die sie in ihrem Benutzerprofil angeben. Alle Benutzer k\u00f6nnen ihre pers\u00f6nlichen Daten jederzeit einsehen, bearbeiten oder l\u00f6schen (au\u00dfer sie k\u00f6nnen ihren Benutzernamen nicht \u00e4ndern). Website-Administratoren k\u00f6nnen diese Informationen ebenfalls einsehen und bearbeiten.  <\/p><h2 class=\"wp-block-heading\">Welche Rechte Sie \u00fcber Ihre Daten haben<\/h2><p>Wenn Sie ein Konto auf dieser Website haben oder Kommentare hinterlassen haben, k\u00f6nnen Sie eine exportierte Datei mit den personenbezogenen Daten anfordern, die wir \u00fcber Sie gespeichert haben, einschlie\u00dflich der Daten, die Sie uns zur Verf\u00fcgung gestellt haben. Sie k\u00f6nnen auch verlangen, dass wir alle personenbezogenen Daten, die wir \u00fcber Sie gespeichert haben, l\u00f6schen. Dies gilt nicht f\u00fcr Daten, die wir aus administrativen, rechtlichen oder Sicherheitsgr\u00fcnden aufbewahren m\u00fcssen.  <\/p><h2 class=\"wp-block-heading\">Wohin Ihre Daten gesendet werden<\/h2><p>Besucherkommentare k\u00f6nnen durch einen automatischen Spam-Erkennungsdienst \u00fcberpr\u00fcft werden.<\/p>\t\t\t\t\t\t\t\t<\/div>\n\t\t\t\t<\/div>\n\t\t\t\t\t<\/div>\n\t\t\t\t<\/div>\n\t\t\t\t<\/div>\n\t\t","protected":false},"excerpt":{"rendered":"<p>Datenschutzbestimmungen Daten\u00fcbermittlung und -verarbeitung f\u00fcr die Tokenisierung und Verwaltung von Buchungen Zur Verbesserung der Buchungsverwaltung nutzt die Unterkunft den Tokenisierungsdienst von Takyon S.r.l. Zu diesem Zweck k\u00f6nnen einige vom Benutzer bereitgestellte personenbezogene Daten (Name, Nachname, E-Mail, Nationalit\u00e4t, Telefonnummer und Buchungsdetails) an Takyon weitergegeben werden. Takyon verarbeitet diese Daten ausschlie\u00dflich zum Zweck der Erstellung, Verwaltung, Unterst\u00fctzung [&hellip;]<\/p>\n","protected":false},"author":1,"featured_media":0,"parent":0,"menu_order":0,"comment_status":"closed","ping_status":"closed","template":"","meta":{"footnotes":""},"class_list":["post-2355","page","type-page","status-publish","hentry"],"_links":{"self":[{"href":"https:\/\/poderecalvaiola.com\/de\/wp-json\/wp\/v2\/pages\/2355","targetHints":{"allow":["GET"]}}],"collection":[{"href":"https:\/\/poderecalvaiola.com\/de\/wp-json\/wp\/v2\/pages"}],"about":[{"href":"https:\/\/poderecalvaiola.com\/de\/wp-json\/wp\/v2\/types\/page"}],"author":[{"embeddable":true,"href":"https:\/\/poderecalvaiola.com\/de\/wp-json\/wp\/v2\/users\/1"}],"replies":[{"embeddable":true,"href":"https:\/\/poderecalvaiola.com\/de\/wp-json\/wp\/v2\/comments?post=2355"}],"version-history":[{"count":5,"href":"https:\/\/poderecalvaiola.com\/de\/wp-json\/wp\/v2\/pages\/2355\/revisions"}],"predecessor-version":[{"id":3194,"href":"https:\/\/poderecalvaiola.com\/de\/wp-json\/wp\/v2\/pages\/2355\/revisions\/3194"}],"wp:attachment":[{"href":"https:\/\/poderecalvaiola.com\/de\/wp-json\/wp\/v2\/media?parent=2355"}],"curies":[{"name":"wp","href":"https:\/\/api.w.org\/{rel}","templated":true}]}}