{"id":2405,"date":"2024-10-05T22:45:35","date_gmt":"2024-10-05T20:45:35","guid":{"rendered":"https:\/\/poderecalvaiola.com\/ueber\/"},"modified":"2025-01-08T22:01:59","modified_gmt":"2025-01-08T20:01:59","slug":"ueber","status":"publish","type":"page","link":"https:\/\/poderecalvaiola.com\/de\/ueber\/","title":{"rendered":"\u00dcber"},"content":{"rendered":"\t\t<div data-elementor-type=\"wp-page\" data-elementor-id=\"2405\" class=\"elementor elementor-2405 elementor-561\" data-elementor-post-type=\"page\">\n\t\t\t\t\t\t<section class=\"elementor-section elementor-top-section elementor-element elementor-element-46241526 elementor-section-boxed elementor-section-height-default elementor-section-height-default\" data-id=\"46241526\" data-element_type=\"section\" data-e-type=\"section\" data-settings=\"{&quot;background_background&quot;:&quot;classic&quot;}\">\n\t\t\t\t\t\t\t<div class=\"elementor-background-overlay\"><\/div>\n\t\t\t\t\t\t\t<div class=\"elementor-container elementor-column-gap-default\">\n\t\t\t\t\t<div class=\"elementor-column elementor-col-100 elementor-top-column elementor-element elementor-element-4e73e0fc\" data-id=\"4e73e0fc\" data-element_type=\"column\" data-e-type=\"column\">\n\t\t\t<div class=\"elementor-widget-wrap elementor-element-populated\">\n\t\t\t\t\t\t<div class=\"elementor-element elementor-element-7223c7f6 elementor-widget__width-auto elementor-invisible elementor-widget elementor-widget-heading\" data-id=\"7223c7f6\" data-element_type=\"widget\" data-e-type=\"widget\" data-settings=\"{&quot;_animation&quot;:&quot;fadeInLeft&quot;}\" data-widget_type=\"heading.default\">\n\t\t\t\t<div class=\"elementor-widget-container\">\n\t\t\t\t\t<h2 class=\"elementor-heading-title elementor-size-default\">\u00dcber uns<\/h2>\t\t\t\t<\/div>\n\t\t\t\t<\/div>\n\t\t\t\t\t<\/div>\n\t\t<\/div>\n\t\t\t\t\t<\/div>\n\t\t<\/section>\n\t\t<div class=\"elementor-element elementor-element-d53008c e-flex e-con-boxed e-con e-parent\" data-id=\"d53008c\" data-element_type=\"container\" data-e-type=\"container\">\n\t\t\t\t\t<div class=\"e-con-inner\">\n\t\t<div class=\"elementor-element elementor-element-82c1934 e-flex e-con-boxed e-con e-child\" data-id=\"82c1934\" data-element_type=\"container\" data-e-type=\"container\">\n\t\t\t\t\t<div class=\"e-con-inner\">\n\t\t\t\t<div class=\"elementor-element elementor-element-b436f9c elementor-widget elementor-widget-heading\" data-id=\"b436f9c\" data-element_type=\"widget\" data-e-type=\"widget\" data-widget_type=\"heading.default\">\n\t\t\t\t<div class=\"elementor-widget-container\">\n\t\t\t\t\t<h1 class=\"elementor-heading-title elementor-size-default\">Die Familie GIARDINI - die hinter dem \"Podere Calvaiola\" steht<\/h1>\t\t\t\t<\/div>\n\t\t\t\t<\/div>\n\t\t\t\t<div class=\"elementor-element elementor-element-dabde1d elementor-drop-cap-yes elementor-drop-cap-view-default elementor-widget elementor-widget-text-editor\" data-id=\"dabde1d\" data-element_type=\"widget\" data-e-type=\"widget\" data-settings=\"{&quot;drop_cap&quot;:&quot;yes&quot;}\" data-widget_type=\"text-editor.default\">\n\t\t\t\t<div class=\"elementor-widget-container\">\n\t\t\t\t\t\t\t\t\t<p>kommt aus der Stadt Mailand, wo noch viele Arbeitsinteressen bestehen.<br \/><strong>Pietro<\/strong> ist hauptberuflich in der Modebranche t\u00e4tig, aber er ist ein Liebhaber des ruhigen Lebens in Calvaiola. Sie werden ihn immer finden, wenn er Sie mit einem sch\u00f6nen L\u00e4cheln begr\u00fc\u00dft und Sie hin und wieder mit den Geschichten seiner Abenteuer auf einem Segelboot unterh\u00e4lt. <br \/><strong>Barbara<\/strong>, die urspr\u00fcnglich aus Sardinien stammt, k\u00fcmmert sich morgens um die \u00f6ffentlichen Unterhaltungsveranstaltungen f\u00fcr die Nachbargemeinde. Im Namen des Podere Calvaiola k\u00fcmmert sie sich um die sozialen Profile und organisiert Hochzeiten&#8230; <\/p>\n<p>Sie werden sehen, wie die kleine <strong>Sofia<\/strong> in den Pool fl\u00fcchtet, den sie so liebt, oder sich einen kleinen Gast sucht, mit dem sie sich anfreunden kann. Im Sommer k\u00f6nnen Sie auch die anderen Mitglieder der Familie antreffen: <strong>Niccol\u00f2 piccolo, Nicol\u00f2 grande, Mario <\/strong>und <strong>Sabrina<\/strong>. <\/p>\n<p>Die<strong> Liebe<\/strong> zu Kunst und Design zeigt sich in den modernen Kunstskulpturen in unserem Garten, in den originellen M\u00f6beln, in denen klassische M\u00f6bel mit modernen Objekten, Design, Gem\u00e4lden und modernen Skulpturen kombiniert werden.<br \/>Die Skulptur im Garten von Alfonso Bonavita, das Gef\u00fchl von Freiheit und Frieden des gro\u00dfen Mannes, der sich im Flug erhebt, ist so etwas wie das Symbol des Bauernhofs, als &#8222;Ort des absoluten Friedens&#8220;.<\/p>\n<p>Unser Labrador <strong>Chanel<\/strong> und das entz\u00fcckende K\u00e4tzchen Love werden Ihren Aufenthalt in Calvaiola versch\u00f6nern.<\/p>\n<p>Sie sagen: &#8222;Ein Ort, an dem Frieden, Stille und atemberaubende Ausblicke auf die toskanische Landschaft herrschen &#8230; ein Ort der Regeneration &#8230;. ein Bauernhof, dessen Besonderheit die Hausbesitzer sind, die das Reisen, die kulturelle Vielfalt und die Menschen lieben und daf\u00fcr sorgen, dass Sie sich wie zu Hause f\u00fchlen&#8220;. <\/p>\n\t\t\t\t\t\t\t\t<\/div>\n\t\t\t\t<\/div>\n\t\t\t\t<div class=\"elementor-element elementor-element-8be6d1c elementor-widget elementor-widget-gallery\" data-id=\"8be6d1c\" data-element_type=\"widget\" data-e-type=\"widget\" data-settings=\"{&quot;columns&quot;:2,&quot;lazyload&quot;:&quot;yes&quot;,&quot;gallery_layout&quot;:&quot;grid&quot;,&quot;columns_tablet&quot;:2,&quot;columns_mobile&quot;:1,&quot;gap&quot;:{&quot;unit&quot;:&quot;px&quot;,&quot;size&quot;:10,&quot;sizes&quot;:[]},&quot;gap_tablet&quot;:{&quot;unit&quot;:&quot;px&quot;,&quot;size&quot;:10,&quot;sizes&quot;:[]},&quot;gap_mobile&quot;:{&quot;unit&quot;:&quot;px&quot;,&quot;size&quot;:10,&quot;sizes&quot;:[]},&quot;link_to&quot;:&quot;file&quot;,&quot;aspect_ratio&quot;:&quot;3:2&quot;,&quot;overlay_background&quot;:&quot;yes&quot;,&quot;content_hover_animation&quot;:&quot;fade-in&quot;}\" data-widget_type=\"gallery.default\">\n\t\t\t\t<div class=\"elementor-widget-container\">\n\t\t\t\t\t\t\t<div class=\"elementor-gallery__container\">\r\n\t\t\t\t\t\t\t<a class=\"e-gallery-item elementor-gallery-item elementor-animated-content\" href=\"https:\/\/poderecalvaiola.com\/wp-content\/uploads\/2024\/09\/family1pic-e1725559096512.jpg\" data-elementor-open-lightbox=\"yes\" data-elementor-lightbox-slideshow=\"8be6d1c\" data-elementor-lightbox-title=\"family1pic\" data-elementor-lightbox-description=\"Pietro Barbara e Sofia\" data-e-action-hash=\"#elementor-action%3Aaction%3Dlightbox%26settings%3DeyJpZCI6MjU1LCJ1cmwiOiJodHRwczpcL1wvcG9kZXJlY2FsdmFpb2xhLmNvbVwvd3AtY29udGVudFwvdXBsb2Fkc1wvMjAyNFwvMDlcL2ZhbWlseTFwaWMtZTE3MjU1NTkwOTY1MTIuanBnIiwic2xpZGVzaG93IjoiOGJlNmQxYyJ9\">\r\n\t\t\t\t\t<div class=\"e-gallery-image elementor-gallery-item__image\" data-thumbnail=\"https:\/\/poderecalvaiola.com\/wp-content\/uploads\/2024\/09\/family1pic-e1725559096512-300x144.jpg\" data-width=\"300\" data-height=\"144\" aria-label=\"Contact us for your best Holiday or event\" role=\"img\" ><\/div>\r\n\t\t\t\t\t\t\t\t\t\t\t<div class=\"elementor-gallery-item__overlay\"><\/div>\r\n\t\t\t\t\t\t\t\t\t\t\t\t\t\t<\/a>\r\n\t\t\t\t\t\t\t<a class=\"e-gallery-item elementor-gallery-item elementor-animated-content\" href=\"https:\/\/poderecalvaiola.com\/wp-content\/uploads\/2024\/10\/family3pic.webp\" data-elementor-open-lightbox=\"yes\" data-elementor-lightbox-slideshow=\"8be6d1c\" data-elementor-lightbox-title=\"family3pic\" data-elementor-lightbox-description=\"Barbara &amp; Sofia\" data-e-action-hash=\"#elementor-action%3Aaction%3Dlightbox%26settings%3DeyJpZCI6NTc4LCJ1cmwiOiJodHRwczpcL1wvcG9kZXJlY2FsdmFpb2xhLmNvbVwvd3AtY29udGVudFwvdXBsb2Fkc1wvMjAyNFwvMTBcL2ZhbWlseTNwaWMud2VicCIsInNsaWRlc2hvdyI6IjhiZTZkMWMifQ%3D%3D\">\r\n\t\t\t\t\t<div class=\"e-gallery-image elementor-gallery-item__image\" data-thumbnail=\"https:\/\/poderecalvaiola.com\/wp-content\/uploads\/2024\/10\/family3pic-300x200.webp\" data-width=\"300\" data-height=\"200\" aria-label=\"Barbara &amp; Sofia\" role=\"img\" ><\/div>\r\n\t\t\t\t\t\t\t\t\t\t\t<div class=\"elementor-gallery-item__overlay\"><\/div>\r\n\t\t\t\t\t\t\t\t\t\t\t\t\t\t<\/a>\r\n\t\t\t\t\t<\/div>\r\n\t\t\t\t\t<\/div>\n\t\t\t\t<\/div>\n\t\t\t\t\t<\/div>\n\t\t\t\t<\/div>\n\t\t\t\t\t<\/div>\n\t\t\t\t<\/div>\n\t\t<div class=\"elementor-element elementor-element-0958abf e-flex e-con-boxed e-con e-parent\" data-id=\"0958abf\" data-element_type=\"container\" data-e-type=\"container\">\n\t\t\t\t\t<div class=\"e-con-inner\">\n\t\t\t\t<div class=\"elementor-element elementor-element-e3a8b82 elementor-widget elementor-widget-spacer\" data-id=\"e3a8b82\" data-element_type=\"widget\" data-e-type=\"widget\" data-widget_type=\"spacer.default\">\n\t\t\t\t<div class=\"elementor-widget-container\">\n\t\t\t\t\t\t\t<div class=\"elementor-spacer\">\n\t\t\t<div class=\"elementor-spacer-inner\"><\/div>\n\t\t<\/div>\n\t\t\t\t\t\t<\/div>\n\t\t\t\t<\/div>\n\t\t\t\t\t<\/div>\n\t\t\t\t<\/div>\n\t\t<div class=\"elementor-element elementor-element-fa874bd e-flex e-con-boxed e-con e-parent\" data-id=\"fa874bd\" data-element_type=\"container\" data-e-type=\"container\">\n\t\t\t\t\t<div class=\"e-con-inner\">\n\t\t<div class=\"elementor-element elementor-element-f5a9407 e-flex e-con-boxed e-con e-child\" data-id=\"f5a9407\" data-element_type=\"container\" data-e-type=\"container\">\n\t\t\t\t\t<div class=\"e-con-inner\">\n\t\t\t\t<div class=\"elementor-element elementor-element-c6298bd elementor-widget elementor-widget-heading\" data-id=\"c6298bd\" data-element_type=\"widget\" data-e-type=\"widget\" data-widget_type=\"heading.default\">\n\t\t\t\t<div class=\"elementor-widget-container\">\n\t\t\t\t\t<h2 class=\"elementor-heading-title elementor-size-default\">Die GESCHICHTE<\/h2>\t\t\t\t<\/div>\n\t\t\t\t<\/div>\n\t\t\t\t<div class=\"elementor-element elementor-element-f8fe295 elementor-drop-cap-yes elementor-drop-cap-view-default elementor-widget elementor-widget-text-editor\" data-id=\"f8fe295\" data-element_type=\"widget\" data-e-type=\"widget\" data-settings=\"{&quot;drop_cap&quot;:&quot;yes&quot;}\" data-widget_type=\"text-editor.default\">\n\t\t\t\t<div class=\"elementor-widget-container\">\n\t\t\t\t\t\t\t\t\t<p>Das Bauernhaus wurde 1750 f\u00fcr 3 Familien gebaut, die die Aufgabe hatten, die Ernten der umliegenden L\u00e4ndereien zu verwalten.<\/p>\n<p>Es erhebt sich inmitten etruskischer Ruinen. Tats\u00e4chlich geh\u00f6rte das umliegende Land zum Staat der Etrusker von Volterra und ab 1700 zu dem der Barone von Casaglia. In seinem Wald wurde 1932 ein Grab gefunden, das auf eine m\u00e4chtige etruskische Familie zur\u00fcckgeht. Dieses Grab befindet sich heute im arch\u00e4ologischen Museum von Cecina. Aus diesem Grund ist heute ein Teil des umliegenden Waldes als Kulturerbe gesch\u00fctzt.   <\/p>\n<p>Nach dem Zweiten Weltkrieg blieb das Haus &#8222;unbewohnt&#8220;, bis es 2008 von der Familie Giardini gekauft und konservativ restauriert wurde, um die Authentizit\u00e4t der Struktur und der verwendeten Materialien zu erhalten.<\/p>\n<p>Dieser alte Bauernhof mit seinem 360-Grad-Blick auf die toskanische Landschaft bietet die M\u00f6glichkeit der exklusiven Anmietung f\u00fcr Zeremonien und Veranstaltungen oder auch nur die M\u00f6glichkeit der \u00dcbernachtung.<\/p>\n<p>Dieser Bauernhof bietet eine Auswahl von 6 Appartements in Kombination mit einem entspannenden Swimmingpool und einer sch\u00f6nen Aussicht auf die toskanischen H\u00fcgel. Die 100 Hektar bewirtschaftetes Land schaffen eine private und friedliche Atmosph\u00e4re. Podere Calvaiola ist der perfekte Ort, um sich zu entspannen und Erinnerungen inmitten der umliegenden Sch\u00f6nheiten zu schaffen. Sehen Sie unten Fotos von der Restaurierung, die vor ein paar Jahren durchgef\u00fchrt wurde.   <\/p>\n\t\t\t\t\t\t\t\t<\/div>\n\t\t\t\t<\/div>\n\t\t\t\t<div class=\"elementor-element elementor-element-077f464 elementor-widget elementor-widget-gallery\" data-id=\"077f464\" data-element_type=\"widget\" data-e-type=\"widget\" data-settings=\"{&quot;gallery_layout&quot;:&quot;masonry&quot;,&quot;lazyload&quot;:&quot;yes&quot;,&quot;columns&quot;:4,&quot;columns_tablet&quot;:2,&quot;columns_mobile&quot;:1,&quot;gap&quot;:{&quot;unit&quot;:&quot;px&quot;,&quot;size&quot;:10,&quot;sizes&quot;:[]},&quot;gap_tablet&quot;:{&quot;unit&quot;:&quot;px&quot;,&quot;size&quot;:10,&quot;sizes&quot;:[]},&quot;gap_mobile&quot;:{&quot;unit&quot;:&quot;px&quot;,&quot;size&quot;:10,&quot;sizes&quot;:[]},&quot;link_to&quot;:&quot;file&quot;,&quot;overlay_background&quot;:&quot;yes&quot;,&quot;content_hover_animation&quot;:&quot;fade-in&quot;}\" data-widget_type=\"gallery.default\">\n\t\t\t\t<div class=\"elementor-widget-container\">\n\t\t\t\t\t\t\t<div class=\"elementor-gallery__container\">\r\n\t\t\t\t\t\t\t<a class=\"e-gallery-item elementor-gallery-item elementor-animated-content\" href=\"https:\/\/poderecalvaiola.com\/wp-content\/uploads\/2024\/10\/story1.webp\" data-elementor-open-lightbox=\"yes\" data-elementor-lightbox-slideshow=\"077f464\" data-elementor-lightbox-title=\"story1\" data-elementor-lightbox-description=\"old view compared to present in Podere Calvaiola\" data-e-action-hash=\"#elementor-action%3Aaction%3Dlightbox%26settings%3DeyJpZCI6NTgyLCJ1cmwiOiJodHRwczpcL1wvcG9kZXJlY2FsdmFpb2xhLmNvbVwvd3AtY29udGVudFwvdXBsb2Fkc1wvMjAyNFwvMTBcL3N0b3J5MS53ZWJwIiwic2xpZGVzaG93IjoiMDc3ZjQ2NCJ9\">\r\n\t\t\t\t\t<div class=\"e-gallery-image elementor-gallery-item__image\" data-thumbnail=\"https:\/\/poderecalvaiola.com\/wp-content\/uploads\/2024\/10\/story1.webp\" data-width=\"1080\" data-height=\"1686\" aria-label=\"old view compared to present in Podere Calvaiola\" role=\"img\" ><\/div>\r\n\t\t\t\t\t\t\t\t\t\t\t<div class=\"elementor-gallery-item__overlay\"><\/div>\r\n\t\t\t\t\t\t\t\t\t\t\t\t\t\t<\/a>\r\n\t\t\t\t\t\t\t<a class=\"e-gallery-item elementor-gallery-item elementor-animated-content\" href=\"https:\/\/poderecalvaiola.com\/wp-content\/uploads\/2024\/10\/story4.webp\" data-elementor-open-lightbox=\"yes\" data-elementor-lightbox-slideshow=\"077f464\" data-elementor-lightbox-title=\"story4\" data-elementor-lightbox-description=\"old view compared to present in Podere Calvaiola\" data-e-action-hash=\"#elementor-action%3Aaction%3Dlightbox%26settings%3DeyJpZCI6NTgwLCJ1cmwiOiJodHRwczpcL1wvcG9kZXJlY2FsdmFpb2xhLmNvbVwvd3AtY29udGVudFwvdXBsb2Fkc1wvMjAyNFwvMTBcL3N0b3J5NC53ZWJwIiwic2xpZGVzaG93IjoiMDc3ZjQ2NCJ9\">\r\n\t\t\t\t\t<div class=\"e-gallery-image elementor-gallery-item__image\" data-thumbnail=\"https:\/\/poderecalvaiola.com\/wp-content\/uploads\/2024\/10\/story4.webp\" data-width=\"1080\" data-height=\"1686\" aria-label=\"old view compared to present in Podere Calvaiola\" role=\"img\" ><\/div>\r\n\t\t\t\t\t\t\t\t\t\t\t<div class=\"elementor-gallery-item__overlay\"><\/div>\r\n\t\t\t\t\t\t\t\t\t\t\t\t\t\t<\/a>\r\n\t\t\t\t\t\t\t<a class=\"e-gallery-item elementor-gallery-item elementor-animated-content\" href=\"https:\/\/poderecalvaiola.com\/wp-content\/uploads\/2024\/10\/story3.webp\" data-elementor-open-lightbox=\"yes\" data-elementor-lightbox-slideshow=\"077f464\" data-elementor-lightbox-title=\"story3\" data-elementor-lightbox-description=\"old view compared to present in Podere Calvaiola\" data-e-action-hash=\"#elementor-action%3Aaction%3Dlightbox%26settings%3DeyJpZCI6NTgxLCJ1cmwiOiJodHRwczpcL1wvcG9kZXJlY2FsdmFpb2xhLmNvbVwvd3AtY29udGVudFwvdXBsb2Fkc1wvMjAyNFwvMTBcL3N0b3J5My53ZWJwIiwic2xpZGVzaG93IjoiMDc3ZjQ2NCJ9\">\r\n\t\t\t\t\t<div class=\"e-gallery-image elementor-gallery-item__image\" data-thumbnail=\"https:\/\/poderecalvaiola.com\/wp-content\/uploads\/2024\/10\/story3.webp\" data-width=\"1080\" data-height=\"1686\" aria-label=\"old view compared to present in Podere Calvaiola\" role=\"img\" ><\/div>\r\n\t\t\t\t\t\t\t\t\t\t\t<div class=\"elementor-gallery-item__overlay\"><\/div>\r\n\t\t\t\t\t\t\t\t\t\t\t\t\t\t<\/a>\r\n\t\t\t\t\t\t\t<a class=\"e-gallery-item elementor-gallery-item elementor-animated-content\" href=\"https:\/\/poderecalvaiola.com\/wp-content\/uploads\/2024\/10\/story2.webp\" data-elementor-open-lightbox=\"yes\" data-elementor-lightbox-slideshow=\"077f464\" data-elementor-lightbox-title=\"story2\" data-elementor-lightbox-description=\"old view compared to present in Podere Calvaiola\" data-e-action-hash=\"#elementor-action%3Aaction%3Dlightbox%26settings%3DeyJpZCI6NTc5LCJ1cmwiOiJodHRwczpcL1wvcG9kZXJlY2FsdmFpb2xhLmNvbVwvd3AtY29udGVudFwvdXBsb2Fkc1wvMjAyNFwvMTBcL3N0b3J5Mi53ZWJwIiwic2xpZGVzaG93IjoiMDc3ZjQ2NCJ9\">\r\n\t\t\t\t\t<div class=\"e-gallery-image elementor-gallery-item__image\" data-thumbnail=\"https:\/\/poderecalvaiola.com\/wp-content\/uploads\/2024\/10\/story2.webp\" data-width=\"1080\" data-height=\"1686\" aria-label=\"old view compared to present in Podere Calvaiola\" role=\"img\" ><\/div>\r\n\t\t\t\t\t\t\t\t\t\t\t<div class=\"elementor-gallery-item__overlay\"><\/div>\r\n\t\t\t\t\t\t\t\t\t\t\t\t\t\t<\/a>\r\n\t\t\t\t\t<\/div>\r\n\t\t\t\t\t<\/div>\n\t\t\t\t<\/div>\n\t\t\t\t\t<\/div>\n\t\t\t\t<\/div>\n\t\t\t\t\t<\/div>\n\t\t\t\t<\/div>\n\t\t\t\t<section class=\"elementor-section elementor-top-section elementor-element elementor-element-2633bbe8 elementor-section-boxed elementor-section-height-default elementor-section-height-default\" data-id=\"2633bbe8\" data-element_type=\"section\" data-e-type=\"section\" data-settings=\"{&quot;background_background&quot;:&quot;classic&quot;}\">\n\t\t\t\t\t\t\t<div class=\"elementor-background-overlay\"><\/div>\n\t\t\t\t\t\t\t<div class=\"elementor-container elementor-column-gap-default\">\n\t\t\t\t\t<div class=\"elementor-column elementor-col-100 elementor-top-column elementor-element elementor-element-4865e454\" data-id=\"4865e454\" data-element_type=\"column\" data-e-type=\"column\">\n\t\t\t<div class=\"elementor-widget-wrap elementor-element-populated\">\n\t\t\t\t\t\t<section class=\"elementor-section elementor-inner-section elementor-element elementor-element-3ec64db2 elementor-section-boxed elementor-section-height-default elementor-section-height-default\" data-id=\"3ec64db2\" data-element_type=\"section\" data-e-type=\"section\">\n\t\t\t\t\t\t<div class=\"elementor-container elementor-column-gap-default\">\n\t\t\t\t\t<div class=\"elementor-column elementor-col-50 elementor-inner-column elementor-element elementor-element-46648d89\" data-id=\"46648d89\" data-element_type=\"column\" data-e-type=\"column\">\n\t\t\t<div class=\"elementor-widget-wrap elementor-element-populated\">\n\t\t\t\t\t\t<div class=\"elementor-element elementor-element-3b80d2fb elementor-widget elementor-widget-heading\" data-id=\"3b80d2fb\" data-element_type=\"widget\" data-e-type=\"widget\" data-widget_type=\"heading.default\">\n\t\t\t\t<div class=\"elementor-widget-container\">\n\t\t\t\t\t<h2 class=\"elementor-heading-title elementor-size-default\">Entdecken Sie die Freude an Ihrem eigenen Zuhause<\/h2>\t\t\t\t<\/div>\n\t\t\t\t<\/div>\n\t\t\t\t\t<\/div>\n\t\t<\/div>\n\t\t\t\t<div class=\"elementor-column elementor-col-50 elementor-inner-column elementor-element elementor-element-d27c4d0\" data-id=\"d27c4d0\" data-element_type=\"column\" data-e-type=\"column\">\n\t\t\t<div class=\"elementor-widget-wrap elementor-element-populated\">\n\t\t\t\t\t\t\t<\/div>\n\t\t<\/div>\n\t\t\t\t\t<\/div>\n\t\t<\/section>\n\t\t\t\t<section class=\"elementor-section elementor-inner-section elementor-element elementor-element-2dc9103 elementor-section-boxed elementor-section-height-default elementor-section-height-default\" data-id=\"2dc9103\" data-element_type=\"section\" data-e-type=\"section\">\n\t\t\t\t\t\t<div class=\"elementor-container elementor-column-gap-default\">\n\t\t\t\t\t<div class=\"elementor-column elementor-col-33 elementor-inner-column elementor-element elementor-element-5d9ecfae elementor-invisible\" data-id=\"5d9ecfae\" data-element_type=\"column\" data-e-type=\"column\" data-settings=\"{&quot;animation&quot;:&quot;fadeInUp&quot;,&quot;animation_delay&quot;:720}\">\n\t\t\t<div class=\"elementor-widget-wrap\">\n\t\t\t\t\t\t\t<\/div>\n\t\t<\/div>\n\t\t\t\t<div class=\"elementor-column elementor-col-33 elementor-inner-column elementor-element elementor-element-4e02541c elementor-invisible\" data-id=\"4e02541c\" data-element_type=\"column\" data-e-type=\"column\" data-settings=\"{&quot;animation&quot;:&quot;fadeInUp&quot;,&quot;animation_delay&quot;:360}\">\n\t\t\t<div class=\"elementor-widget-wrap\">\n\t\t\t\t\t\t\t<\/div>\n\t\t<\/div>\n\t\t\t\t<div class=\"elementor-column elementor-col-33 elementor-inner-column elementor-element elementor-element-e1bb7ff elementor-invisible\" data-id=\"e1bb7ff\" data-element_type=\"column\" data-e-type=\"column\" data-settings=\"{&quot;animation&quot;:&quot;fadeInUp&quot;}\">\n\t\t\t<div class=\"elementor-widget-wrap\">\n\t\t\t\t\t\t\t<\/div>\n\t\t<\/div>\n\t\t\t\t\t<\/div>\n\t\t<\/section>\n\t\t\t\t\t<\/div>\n\t\t<\/div>\n\t\t\t\t\t<\/div>\n\t\t<\/section>\n\t\t\t\t<section class=\"elementor-section elementor-top-section elementor-element elementor-element-670c17aa elementor-section-boxed elementor-section-height-default elementor-section-height-default\" data-id=\"670c17aa\" data-element_type=\"section\" data-e-type=\"section\" data-settings=\"{&quot;background_background&quot;:&quot;classic&quot;}\">\n\t\t\t\t\t\t<div class=\"elementor-container elementor-column-gap-default\">\n\t\t\t\t\t<div class=\"elementor-column elementor-col-100 elementor-top-column elementor-element elementor-element-528c6ba1\" data-id=\"528c6ba1\" data-element_type=\"column\" data-e-type=\"column\">\n\t\t\t<div class=\"elementor-widget-wrap elementor-element-populated\">\n\t\t\t\t\t\t<div class=\"elementor-element elementor-element-579fd94f elementor-widget elementor-widget-heading\" data-id=\"579fd94f\" data-element_type=\"widget\" data-e-type=\"widget\" data-widget_type=\"heading.default\">\n\t\t\t\t<div class=\"elementor-widget-container\">\n\t\t\t\t\t<h2 class=\"elementor-heading-title elementor-size-default\">Einsicht<\/h2>\t\t\t\t<\/div>\n\t\t\t\t<\/div>\n\t\t\t\t<div class=\"elementor-element elementor-element-32672cd8 elementor-widget-divider--view-line_text elementor-widget-divider--element-align-left elementor-widget elementor-widget-divider\" data-id=\"32672cd8\" data-element_type=\"widget\" data-e-type=\"widget\" data-widget_type=\"divider.default\">\n\t\t\t\t<div class=\"elementor-widget-container\">\n\t\t\t\t\t\t\t<div class=\"elementor-divider\">\n\t\t\t<span class=\"elementor-divider-separator\">\n\t\t\t\t\t\t\t<span class=\"elementor-divider__text elementor-divider__element\">\n\t\t\t\tNachrichten &amp; Artikel\t\t\t\t<\/span>\n\t\t\t\t\t\t<\/span>\n\t\t<\/div>\n\t\t\t\t\t\t<\/div>\n\t\t\t\t<\/div>\n\t\t\t\t\t<\/div>\n\t\t<\/div>\n\t\t\t\t\t<\/div>\n\t\t<\/section>\n\t\t\t\t<\/div>\n\t\t","protected":false},"excerpt":{"rendered":"<p>\u00dcber uns Die Familie GIARDINI &#8211; die hinter dem &#8222;Podere Calvaiola&#8220; steht kommt aus der Stadt Mailand, wo noch viele Arbeitsinteressen bestehen.Pietro ist hauptberuflich in der Modebranche t\u00e4tig, aber er ist ein Liebhaber des ruhigen Lebens in Calvaiola. Sie werden ihn immer finden, wenn er Sie mit einem sch\u00f6nen L\u00e4cheln begr\u00fc\u00dft und Sie hin und [&hellip;]<\/p>\n","protected":false},"author":1,"featured_media":0,"parent":0,"menu_order":0,"comment_status":"closed","ping_status":"closed","template":"","meta":{"footnotes":""},"class_list":["post-2405","page","type-page","status-publish","hentry"],"_links":{"self":[{"href":"https:\/\/poderecalvaiola.com\/de\/wp-json\/wp\/v2\/pages\/2405","targetHints":{"allow":["GET"]}}],"collection":[{"href":"https:\/\/poderecalvaiola.com\/de\/wp-json\/wp\/v2\/pages"}],"about":[{"href":"https:\/\/poderecalvaiola.com\/de\/wp-json\/wp\/v2\/types\/page"}],"author":[{"embeddable":true,"href":"https:\/\/poderecalvaiola.com\/de\/wp-json\/wp\/v2\/users\/1"}],"replies":[{"embeddable":true,"href":"https:\/\/poderecalvaiola.com\/de\/wp-json\/wp\/v2\/comments?post=2405"}],"version-history":[{"count":2,"href":"https:\/\/poderecalvaiola.com\/de\/wp-json\/wp\/v2\/pages\/2405\/revisions"}],"predecessor-version":[{"id":2407,"href":"https:\/\/poderecalvaiola.com\/de\/wp-json\/wp\/v2\/pages\/2405\/revisions\/2407"}],"wp:attachment":[{"href":"https:\/\/poderecalvaiola.com\/de\/wp-json\/wp\/v2\/media?parent=2405"}],"curies":[{"name":"wp","href":"https:\/\/api.w.org\/{rel}","templated":true}]}}