{"id":2379,"date":"2024-10-05T22:45:35","date_gmt":"2024-10-05T20:45:35","guid":{"rendered":"https:\/\/poderecalvaiola.com\/acerca-de\/"},"modified":"2025-01-08T21:59:08","modified_gmt":"2025-01-08T19:59:08","slug":"acerca-de","status":"publish","type":"page","link":"https:\/\/poderecalvaiola.com\/es\/acerca-de\/","title":{"rendered":"Acerca de"},"content":{"rendered":"\t\t<div data-elementor-type=\"wp-page\" data-elementor-id=\"2379\" class=\"elementor elementor-2379 elementor-561\" data-elementor-post-type=\"page\">\n\t\t\t\t\t\t<section class=\"elementor-section elementor-top-section elementor-element elementor-element-46241526 elementor-section-boxed elementor-section-height-default elementor-section-height-default\" data-id=\"46241526\" data-element_type=\"section\" data-e-type=\"section\" data-settings=\"{&quot;background_background&quot;:&quot;classic&quot;}\">\n\t\t\t\t\t\t\t<div class=\"elementor-background-overlay\"><\/div>\n\t\t\t\t\t\t\t<div class=\"elementor-container elementor-column-gap-default\">\n\t\t\t\t\t<div class=\"elementor-column elementor-col-100 elementor-top-column elementor-element elementor-element-4e73e0fc\" data-id=\"4e73e0fc\" data-element_type=\"column\" data-e-type=\"column\">\n\t\t\t<div class=\"elementor-widget-wrap elementor-element-populated\">\n\t\t\t\t\t\t<div class=\"elementor-element elementor-element-7223c7f6 elementor-widget__width-auto elementor-invisible elementor-widget elementor-widget-heading\" data-id=\"7223c7f6\" data-element_type=\"widget\" data-e-type=\"widget\" data-settings=\"{&quot;_animation&quot;:&quot;fadeInLeft&quot;}\" data-widget_type=\"heading.default\">\n\t\t\t\t<div class=\"elementor-widget-container\">\n\t\t\t\t\t<h2 class=\"elementor-heading-title elementor-size-default\">Qui\u00e9nes somos<\/h2>\t\t\t\t<\/div>\n\t\t\t\t<\/div>\n\t\t\t\t\t<\/div>\n\t\t<\/div>\n\t\t\t\t\t<\/div>\n\t\t<\/section>\n\t\t<div class=\"elementor-element elementor-element-d53008c e-flex e-con-boxed e-con e-parent\" data-id=\"d53008c\" data-element_type=\"container\" data-e-type=\"container\">\n\t\t\t\t\t<div class=\"e-con-inner\">\n\t\t<div class=\"elementor-element elementor-element-82c1934 e-flex e-con-boxed e-con e-child\" data-id=\"82c1934\" data-element_type=\"container\" data-e-type=\"container\">\n\t\t\t\t\t<div class=\"e-con-inner\">\n\t\t\t\t<div class=\"elementor-element elementor-element-b436f9c elementor-widget elementor-widget-heading\" data-id=\"b436f9c\" data-element_type=\"widget\" data-e-type=\"widget\" data-widget_type=\"heading.default\">\n\t\t\t\t<div class=\"elementor-widget-container\">\n\t\t\t\t\t<h1 class=\"elementor-heading-title elementor-size-default\">La familia GIARDINI - que est\u00e1 detr\u00e1s de \"Podere Calvaiola\"<\/h1>\t\t\t\t<\/div>\n\t\t\t\t<\/div>\n\t\t\t\t<div class=\"elementor-element elementor-element-dabde1d elementor-drop-cap-yes elementor-drop-cap-view-default elementor-widget elementor-widget-text-editor\" data-id=\"dabde1d\" data-element_type=\"widget\" data-e-type=\"widget\" data-settings=\"{&quot;drop_cap&quot;:&quot;yes&quot;}\" data-widget_type=\"text-editor.default\">\n\t\t\t\t<div class=\"elementor-widget-container\">\n\t\t\t\t\t\t\t\t\t<p>procede de la ciudad de Mil\u00e1n, donde a\u00fan conserva muchos intereses laborales.<br \/><strong>Pietro<\/strong> tiene un trabajo principal relacionado con el campo de la moda, pero se ha convertido en un amante de la vida tranquila en Calvaiola. Siempre le encontrar\u00e1s para darte la bienvenida con una hermosa sonrisa y entretenerte de vez en cuando con las historias de sus aventuras en un velero. <br \/><strong>Barbara<\/strong>, originaria de Cerde\u00f1a, se ocupa por las ma\u00f1anas de los espect\u00e1culos p\u00fablicos del municipio vecino. En nombre de Podere Calvaiola, se ocupa de los perfiles sociales y organiza bodas&#8230; <\/p>\n<p>Ver\u00e1s a la peque\u00f1a <strong>Sof\u00eda<\/strong> huyendo a la piscina que tanto le gusta o buscando a alg\u00fan peque\u00f1o invitado con el que entablar amistad. En verano, tambi\u00e9n podr\u00e1s encontrar a los otros miembros de la familia: <strong>Niccol\u00f2 piccolo, Nicol\u00f2 grande, Mario <\/strong>y <strong>Sabrina<\/strong>. <\/p>\n<p>El<strong> amor<\/strong> por el arte y el dise\u00f1o se aprecia en las esculturas de arte moderno de nuestro jard\u00edn, en el original mobiliario donde se combinan muebles cl\u00e1sicos con objetos modernos, de dise\u00f1o, pinturas y esculturas modernas.<br \/>La escultura del jard\u00edn, obra de Alfonso Bonavita, la sensaci\u00f3n de libertad y paz del gran hombre que se eleva en vuelo, es un poco el s\u00edmbolo de la granja, como \u00ablugar de paz absoluta\u00bb.<\/p>\n<p>Nuestro labrador <strong>Chanel<\/strong> y la adorable gatita Love alegrar\u00e1n tu estancia en Calvaiola.<\/p>\n<p>Ellos dicen \u00abUn lugar donde reinan la paz, el silencio, las impresionantes vistas de la campi\u00f1a toscana&#8230; un lugar para regenerarse &#8230;. una granja donde la diferencia la marcan los propietarios de la casa que aman los viajes, la diversidad cultural, la gente, que te har\u00e1n sentir como en casa\u00bb. <\/p>\n\t\t\t\t\t\t\t\t<\/div>\n\t\t\t\t<\/div>\n\t\t\t\t<div class=\"elementor-element elementor-element-8be6d1c elementor-widget elementor-widget-gallery\" data-id=\"8be6d1c\" data-element_type=\"widget\" data-e-type=\"widget\" data-settings=\"{&quot;columns&quot;:2,&quot;lazyload&quot;:&quot;yes&quot;,&quot;gallery_layout&quot;:&quot;grid&quot;,&quot;columns_tablet&quot;:2,&quot;columns_mobile&quot;:1,&quot;gap&quot;:{&quot;unit&quot;:&quot;px&quot;,&quot;size&quot;:10,&quot;sizes&quot;:[]},&quot;gap_tablet&quot;:{&quot;unit&quot;:&quot;px&quot;,&quot;size&quot;:10,&quot;sizes&quot;:[]},&quot;gap_mobile&quot;:{&quot;unit&quot;:&quot;px&quot;,&quot;size&quot;:10,&quot;sizes&quot;:[]},&quot;link_to&quot;:&quot;file&quot;,&quot;aspect_ratio&quot;:&quot;3:2&quot;,&quot;overlay_background&quot;:&quot;yes&quot;,&quot;content_hover_animation&quot;:&quot;fade-in&quot;}\" data-widget_type=\"gallery.default\">\n\t\t\t\t<div class=\"elementor-widget-container\">\n\t\t\t\t\t\t\t<div class=\"elementor-gallery__container\">\n\t\t\t\t\t\t\t<a class=\"e-gallery-item elementor-gallery-item elementor-animated-content\" href=\"https:\/\/poderecalvaiola.com\/wp-content\/uploads\/2024\/09\/family1pic-e1725559096512.jpg\" data-elementor-open-lightbox=\"yes\" data-elementor-lightbox-slideshow=\"8be6d1c\" data-elementor-lightbox-title=\"family1pic\" data-elementor-lightbox-description=\"Pietro Barbara e Sofia\" data-e-action-hash=\"#elementor-action%3Aaction%3Dlightbox%26settings%3DeyJpZCI6MjU1LCJ1cmwiOiJodHRwczpcL1wvcG9kZXJlY2FsdmFpb2xhLmNvbVwvd3AtY29udGVudFwvdXBsb2Fkc1wvMjAyNFwvMDlcL2ZhbWlseTFwaWMtZTE3MjU1NTkwOTY1MTIuanBnIiwic2xpZGVzaG93IjoiOGJlNmQxYyJ9\">\n\t\t\t\t\t<div class=\"e-gallery-image elementor-gallery-item__image\" data-thumbnail=\"https:\/\/poderecalvaiola.com\/wp-content\/uploads\/2024\/09\/family1pic-e1725559096512-300x144.jpg\" data-width=\"300\" data-height=\"144\" aria-label=\"Contact us for your best Holiday or event\" role=\"img\" ><\/div>\n\t\t\t\t\t\t\t\t\t\t\t<div class=\"elementor-gallery-item__overlay\"><\/div>\n\t\t\t\t\t\t\t\t\t\t\t\t\t\t<\/a>\n\t\t\t\t\t\t\t<a class=\"e-gallery-item elementor-gallery-item elementor-animated-content\" href=\"https:\/\/poderecalvaiola.com\/wp-content\/uploads\/2024\/10\/family3pic.webp\" data-elementor-open-lightbox=\"yes\" data-elementor-lightbox-slideshow=\"8be6d1c\" data-elementor-lightbox-title=\"family3pic\" data-elementor-lightbox-description=\"Barbara &amp; Sofia\" data-e-action-hash=\"#elementor-action%3Aaction%3Dlightbox%26settings%3DeyJpZCI6NTc4LCJ1cmwiOiJodHRwczpcL1wvcG9kZXJlY2FsdmFpb2xhLmNvbVwvd3AtY29udGVudFwvdXBsb2Fkc1wvMjAyNFwvMTBcL2ZhbWlseTNwaWMud2VicCIsInNsaWRlc2hvdyI6IjhiZTZkMWMifQ%3D%3D\">\n\t\t\t\t\t<div class=\"e-gallery-image elementor-gallery-item__image\" data-thumbnail=\"https:\/\/poderecalvaiola.com\/wp-content\/uploads\/2024\/10\/family3pic-300x200.webp\" data-width=\"300\" data-height=\"200\" aria-label=\"Barbara &amp; Sofia\" role=\"img\" ><\/div>\n\t\t\t\t\t\t\t\t\t\t\t<div class=\"elementor-gallery-item__overlay\"><\/div>\n\t\t\t\t\t\t\t\t\t\t\t\t\t\t<\/a>\n\t\t\t\t\t<\/div>\n\t\t\t\t\t<\/div>\n\t\t\t\t<\/div>\n\t\t\t\t\t<\/div>\n\t\t\t\t<\/div>\n\t\t\t\t\t<\/div>\n\t\t\t\t<\/div>\n\t\t<div class=\"elementor-element elementor-element-0958abf e-flex e-con-boxed e-con e-parent\" data-id=\"0958abf\" data-element_type=\"container\" data-e-type=\"container\">\n\t\t\t\t\t<div class=\"e-con-inner\">\n\t\t\t\t<div class=\"elementor-element elementor-element-e3a8b82 elementor-widget elementor-widget-spacer\" data-id=\"e3a8b82\" data-element_type=\"widget\" data-e-type=\"widget\" data-widget_type=\"spacer.default\">\n\t\t\t\t<div class=\"elementor-widget-container\">\n\t\t\t\t\t\t\t<div class=\"elementor-spacer\">\n\t\t\t<div class=\"elementor-spacer-inner\"><\/div>\n\t\t<\/div>\n\t\t\t\t\t\t<\/div>\n\t\t\t\t<\/div>\n\t\t\t\t\t<\/div>\n\t\t\t\t<\/div>\n\t\t<div class=\"elementor-element elementor-element-fa874bd e-flex e-con-boxed e-con e-parent\" data-id=\"fa874bd\" data-element_type=\"container\" data-e-type=\"container\">\n\t\t\t\t\t<div class=\"e-con-inner\">\n\t\t<div class=\"elementor-element elementor-element-f5a9407 e-flex e-con-boxed e-con e-child\" data-id=\"f5a9407\" data-element_type=\"container\" data-e-type=\"container\">\n\t\t\t\t\t<div class=\"e-con-inner\">\n\t\t\t\t<div class=\"elementor-element elementor-element-c6298bd elementor-widget elementor-widget-heading\" data-id=\"c6298bd\" data-element_type=\"widget\" data-e-type=\"widget\" data-widget_type=\"heading.default\">\n\t\t\t\t<div class=\"elementor-widget-container\">\n\t\t\t\t\t<h2 class=\"elementor-heading-title elementor-size-default\">La HISTORIA<\/h2>\t\t\t\t<\/div>\n\t\t\t\t<\/div>\n\t\t\t\t<div class=\"elementor-element elementor-element-f8fe295 elementor-drop-cap-yes elementor-drop-cap-view-default elementor-widget elementor-widget-text-editor\" data-id=\"f8fe295\" data-element_type=\"widget\" data-e-type=\"widget\" data-settings=\"{&quot;drop_cap&quot;:&quot;yes&quot;}\" data-widget_type=\"text-editor.default\">\n\t\t\t\t<div class=\"elementor-widget-container\">\n\t\t\t\t\t\t\t\t\t<p>La granja se construy\u00f3 en 1750 para 3 familias que se encargaban de gestionar los cultivos de las tierras circundantes.<\/p>\n<p>Se levanta entre ruinas etruscas; de hecho, la campi\u00f1a circundante formaba parte del estado de los etruscos de Volterra y, a partir de 1700, de los barones de Casaglia. En el interior de su bosque se encontr\u00f3 en 1932 una tumba de una poderosa familia etrusca. Esta tumba se encuentra ahora en el museo arqueol\u00f3gico de Cecina. Por esta raz\u00f3n, hoy en d\u00eda, parte del bosque que lo rodea est\u00e1 ligado al patrimonio cultural.   <\/p>\n<p>Tras la II Guerra Mundial, la casa permaneci\u00f3 \u00abdeshabitada\u00bb hasta que fue adquirida en 2008 por la familia Giardini y fue restaurada de forma conservadora para mantener la autenticidad de la estructura y los materiales utilizados.<\/p>\n<p>Esta antigua granja, con sus vistas de 360 grados de la campi\u00f1a toscana, ofrece la posibilidad de alquilarla en exclusiva para ceremonias y eventos o incluso s\u00f3lo para pasar la noche.<\/p>\n<p>Esta granja ofrece una variedad de 6 apartamentos combinados con una relajante piscina y agradables vistas sobre las colinas toscanas. Las 100 hect\u00e1reas de terreno cultivado crean un ambiente privado y tranquilo. Podere Calvaiola es el lugar perfecto para relajarse y crear recuerdos entre las bellezas del entorno. Ver a continuaci\u00f3n fotos de la restauraci\u00f3n realizada hace unos a\u00f1os.   <\/p>\n\t\t\t\t\t\t\t\t<\/div>\n\t\t\t\t<\/div>\n\t\t\t\t<div class=\"elementor-element elementor-element-077f464 elementor-widget elementor-widget-gallery\" data-id=\"077f464\" data-element_type=\"widget\" data-e-type=\"widget\" data-settings=\"{&quot;gallery_layout&quot;:&quot;masonry&quot;,&quot;lazyload&quot;:&quot;yes&quot;,&quot;columns&quot;:4,&quot;columns_tablet&quot;:2,&quot;columns_mobile&quot;:1,&quot;gap&quot;:{&quot;unit&quot;:&quot;px&quot;,&quot;size&quot;:10,&quot;sizes&quot;:[]},&quot;gap_tablet&quot;:{&quot;unit&quot;:&quot;px&quot;,&quot;size&quot;:10,&quot;sizes&quot;:[]},&quot;gap_mobile&quot;:{&quot;unit&quot;:&quot;px&quot;,&quot;size&quot;:10,&quot;sizes&quot;:[]},&quot;link_to&quot;:&quot;file&quot;,&quot;overlay_background&quot;:&quot;yes&quot;,&quot;content_hover_animation&quot;:&quot;fade-in&quot;}\" data-widget_type=\"gallery.default\">\n\t\t\t\t<div class=\"elementor-widget-container\">\n\t\t\t\t\t\t\t<div class=\"elementor-gallery__container\">\n\t\t\t\t\t\t\t<a class=\"e-gallery-item elementor-gallery-item elementor-animated-content\" href=\"https:\/\/poderecalvaiola.com\/wp-content\/uploads\/2024\/10\/story1.webp\" data-elementor-open-lightbox=\"yes\" data-elementor-lightbox-slideshow=\"077f464\" data-elementor-lightbox-title=\"story1\" data-elementor-lightbox-description=\"old view compared to present in Podere Calvaiola\" data-e-action-hash=\"#elementor-action%3Aaction%3Dlightbox%26settings%3DeyJpZCI6NTgyLCJ1cmwiOiJodHRwczpcL1wvcG9kZXJlY2FsdmFpb2xhLmNvbVwvd3AtY29udGVudFwvdXBsb2Fkc1wvMjAyNFwvMTBcL3N0b3J5MS53ZWJwIiwic2xpZGVzaG93IjoiMDc3ZjQ2NCJ9\">\n\t\t\t\t\t<div class=\"e-gallery-image elementor-gallery-item__image\" data-thumbnail=\"https:\/\/poderecalvaiola.com\/wp-content\/uploads\/2024\/10\/story1.webp\" data-width=\"1080\" data-height=\"1686\" aria-label=\"old view compared to present in Podere Calvaiola\" role=\"img\" ><\/div>\n\t\t\t\t\t\t\t\t\t\t\t<div class=\"elementor-gallery-item__overlay\"><\/div>\n\t\t\t\t\t\t\t\t\t\t\t\t\t\t<\/a>\n\t\t\t\t\t\t\t<a class=\"e-gallery-item elementor-gallery-item elementor-animated-content\" href=\"https:\/\/poderecalvaiola.com\/wp-content\/uploads\/2024\/10\/story4.webp\" data-elementor-open-lightbox=\"yes\" data-elementor-lightbox-slideshow=\"077f464\" data-elementor-lightbox-title=\"story4\" data-elementor-lightbox-description=\"old view compared to present in Podere Calvaiola\" data-e-action-hash=\"#elementor-action%3Aaction%3Dlightbox%26settings%3DeyJpZCI6NTgwLCJ1cmwiOiJodHRwczpcL1wvcG9kZXJlY2FsdmFpb2xhLmNvbVwvd3AtY29udGVudFwvdXBsb2Fkc1wvMjAyNFwvMTBcL3N0b3J5NC53ZWJwIiwic2xpZGVzaG93IjoiMDc3ZjQ2NCJ9\">\n\t\t\t\t\t<div class=\"e-gallery-image elementor-gallery-item__image\" data-thumbnail=\"https:\/\/poderecalvaiola.com\/wp-content\/uploads\/2024\/10\/story4.webp\" data-width=\"1080\" data-height=\"1686\" aria-label=\"old view compared to present in Podere Calvaiola\" role=\"img\" ><\/div>\n\t\t\t\t\t\t\t\t\t\t\t<div class=\"elementor-gallery-item__overlay\"><\/div>\n\t\t\t\t\t\t\t\t\t\t\t\t\t\t<\/a>\n\t\t\t\t\t\t\t<a class=\"e-gallery-item elementor-gallery-item elementor-animated-content\" href=\"https:\/\/poderecalvaiola.com\/wp-content\/uploads\/2024\/10\/story3.webp\" data-elementor-open-lightbox=\"yes\" data-elementor-lightbox-slideshow=\"077f464\" data-elementor-lightbox-title=\"story3\" data-elementor-lightbox-description=\"old view compared to present in Podere Calvaiola\" data-e-action-hash=\"#elementor-action%3Aaction%3Dlightbox%26settings%3DeyJpZCI6NTgxLCJ1cmwiOiJodHRwczpcL1wvcG9kZXJlY2FsdmFpb2xhLmNvbVwvd3AtY29udGVudFwvdXBsb2Fkc1wvMjAyNFwvMTBcL3N0b3J5My53ZWJwIiwic2xpZGVzaG93IjoiMDc3ZjQ2NCJ9\">\n\t\t\t\t\t<div class=\"e-gallery-image elementor-gallery-item__image\" data-thumbnail=\"https:\/\/poderecalvaiola.com\/wp-content\/uploads\/2024\/10\/story3.webp\" data-width=\"1080\" data-height=\"1686\" aria-label=\"old view compared to present in Podere Calvaiola\" role=\"img\" ><\/div>\n\t\t\t\t\t\t\t\t\t\t\t<div class=\"elementor-gallery-item__overlay\"><\/div>\n\t\t\t\t\t\t\t\t\t\t\t\t\t\t<\/a>\n\t\t\t\t\t\t\t<a class=\"e-gallery-item elementor-gallery-item elementor-animated-content\" href=\"https:\/\/poderecalvaiola.com\/wp-content\/uploads\/2024\/10\/story2.webp\" data-elementor-open-lightbox=\"yes\" data-elementor-lightbox-slideshow=\"077f464\" data-elementor-lightbox-title=\"story2\" data-elementor-lightbox-description=\"old view compared to present in Podere Calvaiola\" data-e-action-hash=\"#elementor-action%3Aaction%3Dlightbox%26settings%3DeyJpZCI6NTc5LCJ1cmwiOiJodHRwczpcL1wvcG9kZXJlY2FsdmFpb2xhLmNvbVwvd3AtY29udGVudFwvdXBsb2Fkc1wvMjAyNFwvMTBcL3N0b3J5Mi53ZWJwIiwic2xpZGVzaG93IjoiMDc3ZjQ2NCJ9\">\n\t\t\t\t\t<div class=\"e-gallery-image elementor-gallery-item__image\" data-thumbnail=\"https:\/\/poderecalvaiola.com\/wp-content\/uploads\/2024\/10\/story2.webp\" data-width=\"1080\" data-height=\"1686\" aria-label=\"old view compared to present in Podere Calvaiola\" role=\"img\" ><\/div>\n\t\t\t\t\t\t\t\t\t\t\t<div class=\"elementor-gallery-item__overlay\"><\/div>\n\t\t\t\t\t\t\t\t\t\t\t\t\t\t<\/a>\n\t\t\t\t\t<\/div>\n\t\t\t\t\t<\/div>\n\t\t\t\t<\/div>\n\t\t\t\t\t<\/div>\n\t\t\t\t<\/div>\n\t\t\t\t\t<\/div>\n\t\t\t\t<\/div>\n\t\t\t\t<section class=\"elementor-section elementor-top-section elementor-element elementor-element-2633bbe8 elementor-section-boxed elementor-section-height-default elementor-section-height-default\" data-id=\"2633bbe8\" data-element_type=\"section\" data-e-type=\"section\" data-settings=\"{&quot;background_background&quot;:&quot;classic&quot;}\">\n\t\t\t\t\t\t\t<div class=\"elementor-background-overlay\"><\/div>\n\t\t\t\t\t\t\t<div class=\"elementor-container elementor-column-gap-default\">\n\t\t\t\t\t<div class=\"elementor-column elementor-col-100 elementor-top-column elementor-element elementor-element-4865e454\" data-id=\"4865e454\" data-element_type=\"column\" data-e-type=\"column\">\n\t\t\t<div class=\"elementor-widget-wrap elementor-element-populated\">\n\t\t\t\t\t\t<section class=\"elementor-section elementor-inner-section elementor-element elementor-element-3ec64db2 elementor-section-boxed elementor-section-height-default elementor-section-height-default\" data-id=\"3ec64db2\" data-element_type=\"section\" data-e-type=\"section\">\n\t\t\t\t\t\t<div class=\"elementor-container elementor-column-gap-default\">\n\t\t\t\t\t<div class=\"elementor-column elementor-col-50 elementor-inner-column elementor-element elementor-element-46648d89\" data-id=\"46648d89\" data-element_type=\"column\" data-e-type=\"column\">\n\t\t\t<div class=\"elementor-widget-wrap elementor-element-populated\">\n\t\t\t\t\t\t<div class=\"elementor-element elementor-element-3b80d2fb elementor-widget elementor-widget-heading\" data-id=\"3b80d2fb\" data-element_type=\"widget\" data-e-type=\"widget\" data-widget_type=\"heading.default\">\n\t\t\t\t<div class=\"elementor-widget-container\">\n\t\t\t\t\t<h2 class=\"elementor-heading-title elementor-size-default\">Descubre la alegr\u00eda de tu propia casa<\/h2>\t\t\t\t<\/div>\n\t\t\t\t<\/div>\n\t\t\t\t\t<\/div>\n\t\t<\/div>\n\t\t\t\t<div class=\"elementor-column elementor-col-50 elementor-inner-column elementor-element elementor-element-d27c4d0\" data-id=\"d27c4d0\" data-element_type=\"column\" data-e-type=\"column\">\n\t\t\t<div class=\"elementor-widget-wrap elementor-element-populated\">\n\t\t\t\t\t\t\t<\/div>\n\t\t<\/div>\n\t\t\t\t\t<\/div>\n\t\t<\/section>\n\t\t\t\t<section class=\"elementor-section elementor-inner-section elementor-element elementor-element-2dc9103 elementor-section-boxed elementor-section-height-default elementor-section-height-default\" data-id=\"2dc9103\" data-element_type=\"section\" data-e-type=\"section\">\n\t\t\t\t\t\t<div class=\"elementor-container elementor-column-gap-default\">\n\t\t\t\t\t<div class=\"elementor-column elementor-col-33 elementor-inner-column elementor-element elementor-element-5d9ecfae elementor-invisible\" data-id=\"5d9ecfae\" data-element_type=\"column\" data-e-type=\"column\" data-settings=\"{&quot;animation&quot;:&quot;fadeInUp&quot;,&quot;animation_delay&quot;:720}\">\n\t\t\t<div class=\"elementor-widget-wrap\">\n\t\t\t\t\t\t\t<\/div>\n\t\t<\/div>\n\t\t\t\t<div class=\"elementor-column elementor-col-33 elementor-inner-column elementor-element elementor-element-4e02541c elementor-invisible\" data-id=\"4e02541c\" data-element_type=\"column\" data-e-type=\"column\" data-settings=\"{&quot;animation&quot;:&quot;fadeInUp&quot;,&quot;animation_delay&quot;:360}\">\n\t\t\t<div class=\"elementor-widget-wrap\">\n\t\t\t\t\t\t\t<\/div>\n\t\t<\/div>\n\t\t\t\t<div class=\"elementor-column elementor-col-33 elementor-inner-column elementor-element elementor-element-e1bb7ff elementor-invisible\" data-id=\"e1bb7ff\" data-element_type=\"column\" data-e-type=\"column\" data-settings=\"{&quot;animation&quot;:&quot;fadeInUp&quot;}\">\n\t\t\t<div class=\"elementor-widget-wrap\">\n\t\t\t\t\t\t\t<\/div>\n\t\t<\/div>\n\t\t\t\t\t<\/div>\n\t\t<\/section>\n\t\t\t\t\t<\/div>\n\t\t<\/div>\n\t\t\t\t\t<\/div>\n\t\t<\/section>\n\t\t\t\t<section class=\"elementor-section elementor-top-section elementor-element elementor-element-670c17aa elementor-section-boxed elementor-section-height-default elementor-section-height-default\" data-id=\"670c17aa\" data-element_type=\"section\" data-e-type=\"section\" data-settings=\"{&quot;background_background&quot;:&quot;classic&quot;}\">\n\t\t\t\t\t\t<div class=\"elementor-container elementor-column-gap-default\">\n\t\t\t\t\t<div class=\"elementor-column elementor-col-100 elementor-top-column elementor-element elementor-element-528c6ba1\" data-id=\"528c6ba1\" data-element_type=\"column\" data-e-type=\"column\">\n\t\t\t<div class=\"elementor-widget-wrap elementor-element-populated\">\n\t\t\t\t\t\t<div class=\"elementor-element elementor-element-579fd94f elementor-widget elementor-widget-heading\" data-id=\"579fd94f\" data-element_type=\"widget\" data-e-type=\"widget\" data-widget_type=\"heading.default\">\n\t\t\t\t<div class=\"elementor-widget-container\">\n\t\t\t\t\t<h2 class=\"elementor-heading-title elementor-size-default\">Insight<\/h2>\t\t\t\t<\/div>\n\t\t\t\t<\/div>\n\t\t\t\t<div class=\"elementor-element elementor-element-32672cd8 elementor-widget-divider--view-line_text elementor-widget-divider--element-align-left elementor-widget elementor-widget-divider\" data-id=\"32672cd8\" data-element_type=\"widget\" data-e-type=\"widget\" data-widget_type=\"divider.default\">\n\t\t\t\t<div class=\"elementor-widget-container\">\n\t\t\t\t\t\t\t<div class=\"elementor-divider\">\n\t\t\t<span class=\"elementor-divider-separator\">\n\t\t\t\t\t\t\t<span class=\"elementor-divider__text elementor-divider__element\">\n\t\t\t\tNoticias y art\u00edculos\t\t\t\t<\/span>\n\t\t\t\t\t\t<\/span>\n\t\t<\/div>\n\t\t\t\t\t\t<\/div>\n\t\t\t\t<\/div>\n\t\t\t\t\t<\/div>\n\t\t<\/div>\n\t\t\t\t\t<\/div>\n\t\t<\/section>\n\t\t\t\t<\/div>\n\t\t","protected":false},"excerpt":{"rendered":"<p>Qui\u00e9nes somos La familia GIARDINI &#8211; que est\u00e1 detr\u00e1s de \u00abPodere Calvaiola\u00bb procede de la ciudad de Mil\u00e1n, donde a\u00fan conserva muchos intereses laborales.Pietro tiene un trabajo principal relacionado con el campo de la moda, pero se ha convertido en un amante de la vida tranquila en Calvaiola. Siempre le encontrar\u00e1s para darte la bienvenida [&hellip;]<\/p>\n","protected":false},"author":1,"featured_media":0,"parent":0,"menu_order":0,"comment_status":"closed","ping_status":"closed","template":"","meta":{"footnotes":""},"class_list":["post-2379","page","type-page","status-publish","hentry"],"_links":{"self":[{"href":"https:\/\/poderecalvaiola.com\/es\/wp-json\/wp\/v2\/pages\/2379","targetHints":{"allow":["GET"]}}],"collection":[{"href":"https:\/\/poderecalvaiola.com\/es\/wp-json\/wp\/v2\/pages"}],"about":[{"href":"https:\/\/poderecalvaiola.com\/es\/wp-json\/wp\/v2\/types\/page"}],"author":[{"embeddable":true,"href":"https:\/\/poderecalvaiola.com\/es\/wp-json\/wp\/v2\/users\/1"}],"replies":[{"embeddable":true,"href":"https:\/\/poderecalvaiola.com\/es\/wp-json\/wp\/v2\/comments?post=2379"}],"version-history":[{"count":2,"href":"https:\/\/poderecalvaiola.com\/es\/wp-json\/wp\/v2\/pages\/2379\/revisions"}],"predecessor-version":[{"id":2381,"href":"https:\/\/poderecalvaiola.com\/es\/wp-json\/wp\/v2\/pages\/2379\/revisions\/2381"}],"wp:attachment":[{"href":"https:\/\/poderecalvaiola.com\/es\/wp-json\/wp\/v2\/media?parent=2379"}],"curies":[{"name":"wp","href":"https:\/\/api.w.org\/{rel}","templated":true}]}}