{"id":2396,"date":"2024-10-05T22:45:35","date_gmt":"2024-10-05T20:45:35","guid":{"rendered":"https:\/\/poderecalvaiola.com\/a-propos-de\/"},"modified":"2025-01-08T21:59:10","modified_gmt":"2025-01-08T19:59:10","slug":"a-propos-de","status":"publish","type":"page","link":"https:\/\/poderecalvaiola.com\/fr\/a-propos-de\/","title":{"rendered":"A propos de"},"content":{"rendered":"\t\t<div data-elementor-type=\"wp-page\" data-elementor-id=\"2396\" class=\"elementor elementor-2396 elementor-561\" data-elementor-post-type=\"page\">\n\t\t\t\t\t\t<section class=\"elementor-section elementor-top-section elementor-element elementor-element-46241526 elementor-section-boxed elementor-section-height-default elementor-section-height-default\" data-id=\"46241526\" data-element_type=\"section\" data-e-type=\"section\" data-settings=\"{&quot;background_background&quot;:&quot;classic&quot;}\">\n\t\t\t\t\t\t\t<div class=\"elementor-background-overlay\"><\/div>\n\t\t\t\t\t\t\t<div class=\"elementor-container elementor-column-gap-default\">\n\t\t\t\t\t<div class=\"elementor-column elementor-col-100 elementor-top-column elementor-element elementor-element-4e73e0fc\" data-id=\"4e73e0fc\" data-element_type=\"column\" data-e-type=\"column\">\n\t\t\t<div class=\"elementor-widget-wrap elementor-element-populated\">\n\t\t\t\t\t\t<div class=\"elementor-element elementor-element-7223c7f6 elementor-widget__width-auto elementor-invisible elementor-widget elementor-widget-heading\" data-id=\"7223c7f6\" data-element_type=\"widget\" data-e-type=\"widget\" data-settings=\"{&quot;_animation&quot;:&quot;fadeInLeft&quot;}\" data-widget_type=\"heading.default\">\n\t\t\t\t<div class=\"elementor-widget-container\">\n\t\t\t\t\t<h2 class=\"elementor-heading-title elementor-size-default\">A propos de nous<\/h2>\t\t\t\t<\/div>\n\t\t\t\t<\/div>\n\t\t\t\t\t<\/div>\n\t\t<\/div>\n\t\t\t\t\t<\/div>\n\t\t<\/section>\n\t\t<div class=\"elementor-element elementor-element-d53008c e-flex e-con-boxed e-con e-parent\" data-id=\"d53008c\" data-element_type=\"container\" data-e-type=\"container\">\n\t\t\t\t\t<div class=\"e-con-inner\">\n\t\t<div class=\"elementor-element elementor-element-82c1934 e-flex e-con-boxed e-con e-child\" data-id=\"82c1934\" data-element_type=\"container\" data-e-type=\"container\">\n\t\t\t\t\t<div class=\"e-con-inner\">\n\t\t\t\t<div class=\"elementor-element elementor-element-b436f9c elementor-widget elementor-widget-heading\" data-id=\"b436f9c\" data-element_type=\"widget\" data-e-type=\"widget\" data-widget_type=\"heading.default\">\n\t\t\t\t<div class=\"elementor-widget-container\">\n\t\t\t\t\t<h1 class=\"elementor-heading-title elementor-size-default\">La famille GIARDINI - qui est \u00e0 l'origine du \"Podere Calvaiola\".<\/h1>\t\t\t\t<\/div>\n\t\t\t\t<\/div>\n\t\t\t\t<div class=\"elementor-element elementor-element-dabde1d elementor-drop-cap-yes elementor-drop-cap-view-default elementor-widget elementor-widget-text-editor\" data-id=\"dabde1d\" data-element_type=\"widget\" data-e-type=\"widget\" data-settings=\"{&quot;drop_cap&quot;:&quot;yes&quot;}\" data-widget_type=\"text-editor.default\">\n\t\t\t\t<div class=\"elementor-widget-container\">\n\t\t\t\t\t\t\t\t\t<p>est originaire de la ville de Milan, o\u00f9 de nombreux int\u00e9r\u00eats professionnels subsistent.<br \/><strong>Pietro<\/strong> a un emploi principal dans le domaine de la mode, mais il est devenu un amoureux de la vie tranquille \u00e0 Calvaiola. Vous le trouverez toujours pour vous accueillir avec un beau sourire et vous divertir de temps en temps avec les histoires de ses aventures sur un bateau \u00e0 voile. <br \/><strong>Barbara<\/strong>, originaire de Sardaigne, s&rsquo;occupe le matin des \u00e9v\u00e9nements de divertissement public pour la municipalit\u00e9 voisine. Au nom de Podere Calvaiola, elle s&rsquo;occupe des profils sociaux et organise des mariages&#8230; <\/p>\n<p>Vous verrez la petite <strong>Sofia<\/strong> se r\u00e9fugier dans la piscine qu&rsquo;elle adore ou chercher un petit invit\u00e9 avec qui se lier d&rsquo;amiti\u00e9. En \u00e9t\u00e9, vous trouverez \u00e9galement les autres membres de la famille : <strong>Niccol\u00f2 piccolo, Nicol\u00f2 grande, Mario <\/strong>et <strong>Sabrina<\/strong>. <\/p>\n<p>L&rsquo;<strong> amour de<\/strong> l&rsquo;art et du design se manifeste dans les sculptures d&rsquo;art moderne de notre jardin, dans le mobilier original o\u00f9 les meubles classiques sont combin\u00e9s avec des objets modernes, le design, les peintures et les sculptures modernes.<br \/>La sculpture dans le jardin d&rsquo;Alfonso Bonavita, le sens de la libert\u00e9 et de la paix du grand homme qui s&rsquo;envole, est un peu le symbole de la ferme, en tant que \u00ab\u00a0lieu de paix absolue\u00a0\u00bb.<\/p>\n<p>Notre Labrador <strong>Chanel<\/strong> et l&rsquo;adorable chaton Love \u00e9gayeront votre s\u00e9jour \u00e0 Calvaiola.<\/p>\n<p>Ils disent : \u00ab\u00a0Un lieu o\u00f9 r\u00e8gnent la paix, le silence, des vues \u00e0 couper le souffle sur la campagne toscane&#8230; un lieu pour se r\u00e9g\u00e9n\u00e9rer &#8230;. une ferme o\u00f9 la diff\u00e9rence r\u00e9side dans les propri\u00e9taires qui aiment les voyages, la diversit\u00e9 culturelle, les gens, ils vous feront vous sentir comme chez vous \u00ab\u00a0. <\/p>\n\t\t\t\t\t\t\t\t<\/div>\n\t\t\t\t<\/div>\n\t\t\t\t<div class=\"elementor-element elementor-element-8be6d1c elementor-widget elementor-widget-gallery\" data-id=\"8be6d1c\" data-element_type=\"widget\" data-e-type=\"widget\" data-settings=\"{&quot;columns&quot;:2,&quot;lazyload&quot;:&quot;yes&quot;,&quot;gallery_layout&quot;:&quot;grid&quot;,&quot;columns_tablet&quot;:2,&quot;columns_mobile&quot;:1,&quot;gap&quot;:{&quot;unit&quot;:&quot;px&quot;,&quot;size&quot;:10,&quot;sizes&quot;:[]},&quot;gap_tablet&quot;:{&quot;unit&quot;:&quot;px&quot;,&quot;size&quot;:10,&quot;sizes&quot;:[]},&quot;gap_mobile&quot;:{&quot;unit&quot;:&quot;px&quot;,&quot;size&quot;:10,&quot;sizes&quot;:[]},&quot;link_to&quot;:&quot;file&quot;,&quot;aspect_ratio&quot;:&quot;3:2&quot;,&quot;overlay_background&quot;:&quot;yes&quot;,&quot;content_hover_animation&quot;:&quot;fade-in&quot;}\" data-widget_type=\"gallery.default\">\n\t\t\t\t<div class=\"elementor-widget-container\">\n\t\t\t\t\t\t\t<div class=\"elementor-gallery__container\">\r\n\t\t\t\t\t\t\t<a class=\"e-gallery-item elementor-gallery-item elementor-animated-content\" href=\"https:\/\/poderecalvaiola.com\/wp-content\/uploads\/2024\/09\/family1pic-e1725559096512.jpg\" data-elementor-open-lightbox=\"yes\" data-elementor-lightbox-slideshow=\"8be6d1c\" data-elementor-lightbox-title=\"family1pic\" data-elementor-lightbox-description=\"Pietro Barbara e Sofia\" data-e-action-hash=\"#elementor-action%3Aaction%3Dlightbox%26settings%3DeyJpZCI6MjU1LCJ1cmwiOiJodHRwczpcL1wvcG9kZXJlY2FsdmFpb2xhLmNvbVwvd3AtY29udGVudFwvdXBsb2Fkc1wvMjAyNFwvMDlcL2ZhbWlseTFwaWMtZTE3MjU1NTkwOTY1MTIuanBnIiwic2xpZGVzaG93IjoiOGJlNmQxYyJ9\">\r\n\t\t\t\t\t<div class=\"e-gallery-image elementor-gallery-item__image\" data-thumbnail=\"https:\/\/poderecalvaiola.com\/wp-content\/uploads\/2024\/09\/family1pic-e1725559096512-300x144.jpg\" data-width=\"300\" data-height=\"144\" aria-label=\"Contact us for your best Holiday or event\" role=\"img\" ><\/div>\r\n\t\t\t\t\t\t\t\t\t\t\t<div class=\"elementor-gallery-item__overlay\"><\/div>\r\n\t\t\t\t\t\t\t\t\t\t\t\t\t\t<\/a>\r\n\t\t\t\t\t\t\t<a class=\"e-gallery-item elementor-gallery-item elementor-animated-content\" href=\"https:\/\/poderecalvaiola.com\/wp-content\/uploads\/2024\/10\/family3pic.webp\" data-elementor-open-lightbox=\"yes\" data-elementor-lightbox-slideshow=\"8be6d1c\" data-elementor-lightbox-title=\"family3pic\" data-elementor-lightbox-description=\"Barbara &amp; Sofia\" data-e-action-hash=\"#elementor-action%3Aaction%3Dlightbox%26settings%3DeyJpZCI6NTc4LCJ1cmwiOiJodHRwczpcL1wvcG9kZXJlY2FsdmFpb2xhLmNvbVwvd3AtY29udGVudFwvdXBsb2Fkc1wvMjAyNFwvMTBcL2ZhbWlseTNwaWMud2VicCIsInNsaWRlc2hvdyI6IjhiZTZkMWMifQ%3D%3D\">\r\n\t\t\t\t\t<div class=\"e-gallery-image elementor-gallery-item__image\" data-thumbnail=\"https:\/\/poderecalvaiola.com\/wp-content\/uploads\/2024\/10\/family3pic-300x200.webp\" data-width=\"300\" data-height=\"200\" aria-label=\"Barbara &amp; Sofia\" role=\"img\" ><\/div>\r\n\t\t\t\t\t\t\t\t\t\t\t<div class=\"elementor-gallery-item__overlay\"><\/div>\r\n\t\t\t\t\t\t\t\t\t\t\t\t\t\t<\/a>\r\n\t\t\t\t\t<\/div>\r\n\t\t\t\t\t<\/div>\n\t\t\t\t<\/div>\n\t\t\t\t\t<\/div>\n\t\t\t\t<\/div>\n\t\t\t\t\t<\/div>\n\t\t\t\t<\/div>\n\t\t<div class=\"elementor-element elementor-element-0958abf e-flex e-con-boxed e-con e-parent\" data-id=\"0958abf\" data-element_type=\"container\" data-e-type=\"container\">\n\t\t\t\t\t<div class=\"e-con-inner\">\n\t\t\t\t<div class=\"elementor-element elementor-element-e3a8b82 elementor-widget elementor-widget-spacer\" data-id=\"e3a8b82\" data-element_type=\"widget\" data-e-type=\"widget\" data-widget_type=\"spacer.default\">\n\t\t\t\t<div class=\"elementor-widget-container\">\n\t\t\t\t\t\t\t<div class=\"elementor-spacer\">\n\t\t\t<div class=\"elementor-spacer-inner\"><\/div>\n\t\t<\/div>\n\t\t\t\t\t\t<\/div>\n\t\t\t\t<\/div>\n\t\t\t\t\t<\/div>\n\t\t\t\t<\/div>\n\t\t<div class=\"elementor-element elementor-element-fa874bd e-flex e-con-boxed e-con e-parent\" data-id=\"fa874bd\" data-element_type=\"container\" data-e-type=\"container\">\n\t\t\t\t\t<div class=\"e-con-inner\">\n\t\t<div class=\"elementor-element elementor-element-f5a9407 e-flex e-con-boxed e-con e-child\" data-id=\"f5a9407\" data-element_type=\"container\" data-e-type=\"container\">\n\t\t\t\t\t<div class=\"e-con-inner\">\n\t\t\t\t<div class=\"elementor-element elementor-element-c6298bd elementor-widget elementor-widget-heading\" data-id=\"c6298bd\" data-element_type=\"widget\" data-e-type=\"widget\" data-widget_type=\"heading.default\">\n\t\t\t\t<div class=\"elementor-widget-container\">\n\t\t\t\t\t<h2 class=\"elementor-heading-title elementor-size-default\">L'HISTOIRE<\/h2>\t\t\t\t<\/div>\n\t\t\t\t<\/div>\n\t\t\t\t<div class=\"elementor-element elementor-element-f8fe295 elementor-drop-cap-yes elementor-drop-cap-view-default elementor-widget elementor-widget-text-editor\" data-id=\"f8fe295\" data-element_type=\"widget\" data-e-type=\"widget\" data-settings=\"{&quot;drop_cap&quot;:&quot;yes&quot;}\" data-widget_type=\"text-editor.default\">\n\t\t\t\t<div class=\"elementor-widget-container\">\n\t\t\t\t\t\t\t\t\t<p>La ferme a \u00e9t\u00e9 construite en 1750 pour 3 familles qui avaient pour t\u00e2che de g\u00e9rer les cultures des terres environnantes.<\/p>\n<p>Il se dresse parmi des ruines \u00e9trusques, en fait, la campagne environnante faisait partie de l&rsquo;\u00c9tat des \u00c9trusques de Volterra et, \u00e0 partir de 1700, des barons de Casaglia. C&rsquo;est \u00e0 l&rsquo;int\u00e9rieur de son bois qu&rsquo;a \u00e9t\u00e9 d\u00e9couverte en 1932 une tombe datant d&rsquo;une puissante famille \u00e9trusque. Cette tombe se trouve aujourd&rsquo;hui au mus\u00e9e arch\u00e9ologique de Cecina. C&rsquo;est pourquoi, aujourd&rsquo;hui, une partie de la for\u00eat environnante est li\u00e9e au patrimoine culturel.   <\/p>\n<p>Apr\u00e8s la Seconde Guerre mondiale, la maison est rest\u00e9e \u00ab\u00a0inhabit\u00e9e\u00a0\u00bb jusqu&rsquo;\u00e0 ce qu&rsquo;elle soit achet\u00e9e en 2008 par la famille Giardini, qui l&rsquo;a restaur\u00e9e de mani\u00e8re prudente afin de pr\u00e9server l&rsquo;authenticit\u00e9 de la structure et des mat\u00e9riaux utilis\u00e9s.<\/p>\n<p>Cette ancienne ferme, avec sa vue \u00e0 360 degr\u00e9s sur la campagne toscane, offre la possibilit\u00e9 d&rsquo;une location exclusive pour des c\u00e9r\u00e9monies et des \u00e9v\u00e9nements, ou m\u00eame simplement la possibilit\u00e9 de passer la nuit.<\/p>\n<p>Cette ferme offre une vari\u00e9t\u00e9 de 6 appartements combin\u00e9s avec une piscine relaxante et des vues agr\u00e9ables sur les collines toscanes. Les 100 hectares de terres cultiv\u00e9es cr\u00e9ent une atmosph\u00e8re priv\u00e9e et paisible. Le Podere Calvaiola est l&rsquo;endroit id\u00e9al pour se d\u00e9tendre et cr\u00e9er des souvenirs parmi les beaut\u00e9s environnantes. Vous trouverez ci-dessous des photos de la restauration effectu\u00e9e il y a quelques ann\u00e9es.   <\/p>\n\t\t\t\t\t\t\t\t<\/div>\n\t\t\t\t<\/div>\n\t\t\t\t<div class=\"elementor-element elementor-element-077f464 elementor-widget elementor-widget-gallery\" data-id=\"077f464\" data-element_type=\"widget\" data-e-type=\"widget\" data-settings=\"{&quot;gallery_layout&quot;:&quot;masonry&quot;,&quot;lazyload&quot;:&quot;yes&quot;,&quot;columns&quot;:4,&quot;columns_tablet&quot;:2,&quot;columns_mobile&quot;:1,&quot;gap&quot;:{&quot;unit&quot;:&quot;px&quot;,&quot;size&quot;:10,&quot;sizes&quot;:[]},&quot;gap_tablet&quot;:{&quot;unit&quot;:&quot;px&quot;,&quot;size&quot;:10,&quot;sizes&quot;:[]},&quot;gap_mobile&quot;:{&quot;unit&quot;:&quot;px&quot;,&quot;size&quot;:10,&quot;sizes&quot;:[]},&quot;link_to&quot;:&quot;file&quot;,&quot;overlay_background&quot;:&quot;yes&quot;,&quot;content_hover_animation&quot;:&quot;fade-in&quot;}\" data-widget_type=\"gallery.default\">\n\t\t\t\t<div class=\"elementor-widget-container\">\n\t\t\t\t\t\t\t<div class=\"elementor-gallery__container\">\r\n\t\t\t\t\t\t\t<a class=\"e-gallery-item elementor-gallery-item elementor-animated-content\" href=\"https:\/\/poderecalvaiola.com\/wp-content\/uploads\/2024\/10\/story1.webp\" data-elementor-open-lightbox=\"yes\" data-elementor-lightbox-slideshow=\"077f464\" data-elementor-lightbox-title=\"story1\" data-elementor-lightbox-description=\"old view compared to present in Podere Calvaiola\" data-e-action-hash=\"#elementor-action%3Aaction%3Dlightbox%26settings%3DeyJpZCI6NTgyLCJ1cmwiOiJodHRwczpcL1wvcG9kZXJlY2FsdmFpb2xhLmNvbVwvd3AtY29udGVudFwvdXBsb2Fkc1wvMjAyNFwvMTBcL3N0b3J5MS53ZWJwIiwic2xpZGVzaG93IjoiMDc3ZjQ2NCJ9\">\r\n\t\t\t\t\t<div class=\"e-gallery-image elementor-gallery-item__image\" data-thumbnail=\"https:\/\/poderecalvaiola.com\/wp-content\/uploads\/2024\/10\/story1.webp\" data-width=\"1080\" data-height=\"1686\" aria-label=\"old view compared to present in Podere Calvaiola\" role=\"img\" ><\/div>\r\n\t\t\t\t\t\t\t\t\t\t\t<div class=\"elementor-gallery-item__overlay\"><\/div>\r\n\t\t\t\t\t\t\t\t\t\t\t\t\t\t<\/a>\r\n\t\t\t\t\t\t\t<a class=\"e-gallery-item elementor-gallery-item elementor-animated-content\" href=\"https:\/\/poderecalvaiola.com\/wp-content\/uploads\/2024\/10\/story4.webp\" data-elementor-open-lightbox=\"yes\" data-elementor-lightbox-slideshow=\"077f464\" data-elementor-lightbox-title=\"story4\" data-elementor-lightbox-description=\"old view compared to present in Podere Calvaiola\" data-e-action-hash=\"#elementor-action%3Aaction%3Dlightbox%26settings%3DeyJpZCI6NTgwLCJ1cmwiOiJodHRwczpcL1wvcG9kZXJlY2FsdmFpb2xhLmNvbVwvd3AtY29udGVudFwvdXBsb2Fkc1wvMjAyNFwvMTBcL3N0b3J5NC53ZWJwIiwic2xpZGVzaG93IjoiMDc3ZjQ2NCJ9\">\r\n\t\t\t\t\t<div class=\"e-gallery-image elementor-gallery-item__image\" data-thumbnail=\"https:\/\/poderecalvaiola.com\/wp-content\/uploads\/2024\/10\/story4.webp\" data-width=\"1080\" data-height=\"1686\" aria-label=\"old view compared to present in Podere Calvaiola\" role=\"img\" ><\/div>\r\n\t\t\t\t\t\t\t\t\t\t\t<div class=\"elementor-gallery-item__overlay\"><\/div>\r\n\t\t\t\t\t\t\t\t\t\t\t\t\t\t<\/a>\r\n\t\t\t\t\t\t\t<a class=\"e-gallery-item elementor-gallery-item elementor-animated-content\" href=\"https:\/\/poderecalvaiola.com\/wp-content\/uploads\/2024\/10\/story3.webp\" data-elementor-open-lightbox=\"yes\" data-elementor-lightbox-slideshow=\"077f464\" data-elementor-lightbox-title=\"story3\" data-elementor-lightbox-description=\"old view compared to present in Podere Calvaiola\" data-e-action-hash=\"#elementor-action%3Aaction%3Dlightbox%26settings%3DeyJpZCI6NTgxLCJ1cmwiOiJodHRwczpcL1wvcG9kZXJlY2FsdmFpb2xhLmNvbVwvd3AtY29udGVudFwvdXBsb2Fkc1wvMjAyNFwvMTBcL3N0b3J5My53ZWJwIiwic2xpZGVzaG93IjoiMDc3ZjQ2NCJ9\">\r\n\t\t\t\t\t<div class=\"e-gallery-image elementor-gallery-item__image\" data-thumbnail=\"https:\/\/poderecalvaiola.com\/wp-content\/uploads\/2024\/10\/story3.webp\" data-width=\"1080\" data-height=\"1686\" aria-label=\"old view compared to present in Podere Calvaiola\" role=\"img\" ><\/div>\r\n\t\t\t\t\t\t\t\t\t\t\t<div class=\"elementor-gallery-item__overlay\"><\/div>\r\n\t\t\t\t\t\t\t\t\t\t\t\t\t\t<\/a>\r\n\t\t\t\t\t\t\t<a class=\"e-gallery-item elementor-gallery-item elementor-animated-content\" href=\"https:\/\/poderecalvaiola.com\/wp-content\/uploads\/2024\/10\/story2.webp\" data-elementor-open-lightbox=\"yes\" data-elementor-lightbox-slideshow=\"077f464\" data-elementor-lightbox-title=\"story2\" data-elementor-lightbox-description=\"old view compared to present in Podere Calvaiola\" data-e-action-hash=\"#elementor-action%3Aaction%3Dlightbox%26settings%3DeyJpZCI6NTc5LCJ1cmwiOiJodHRwczpcL1wvcG9kZXJlY2FsdmFpb2xhLmNvbVwvd3AtY29udGVudFwvdXBsb2Fkc1wvMjAyNFwvMTBcL3N0b3J5Mi53ZWJwIiwic2xpZGVzaG93IjoiMDc3ZjQ2NCJ9\">\r\n\t\t\t\t\t<div class=\"e-gallery-image elementor-gallery-item__image\" data-thumbnail=\"https:\/\/poderecalvaiola.com\/wp-content\/uploads\/2024\/10\/story2.webp\" data-width=\"1080\" data-height=\"1686\" aria-label=\"old view compared to present in Podere Calvaiola\" role=\"img\" ><\/div>\r\n\t\t\t\t\t\t\t\t\t\t\t<div class=\"elementor-gallery-item__overlay\"><\/div>\r\n\t\t\t\t\t\t\t\t\t\t\t\t\t\t<\/a>\r\n\t\t\t\t\t<\/div>\r\n\t\t\t\t\t<\/div>\n\t\t\t\t<\/div>\n\t\t\t\t\t<\/div>\n\t\t\t\t<\/div>\n\t\t\t\t\t<\/div>\n\t\t\t\t<\/div>\n\t\t\t\t<section class=\"elementor-section elementor-top-section elementor-element elementor-element-2633bbe8 elementor-section-boxed elementor-section-height-default elementor-section-height-default\" data-id=\"2633bbe8\" data-element_type=\"section\" data-e-type=\"section\" data-settings=\"{&quot;background_background&quot;:&quot;classic&quot;}\">\n\t\t\t\t\t\t\t<div class=\"elementor-background-overlay\"><\/div>\n\t\t\t\t\t\t\t<div class=\"elementor-container elementor-column-gap-default\">\n\t\t\t\t\t<div class=\"elementor-column elementor-col-100 elementor-top-column elementor-element elementor-element-4865e454\" data-id=\"4865e454\" data-element_type=\"column\" data-e-type=\"column\">\n\t\t\t<div class=\"elementor-widget-wrap elementor-element-populated\">\n\t\t\t\t\t\t<section class=\"elementor-section elementor-inner-section elementor-element elementor-element-3ec64db2 elementor-section-boxed elementor-section-height-default elementor-section-height-default\" data-id=\"3ec64db2\" data-element_type=\"section\" data-e-type=\"section\">\n\t\t\t\t\t\t<div class=\"elementor-container elementor-column-gap-default\">\n\t\t\t\t\t<div class=\"elementor-column elementor-col-50 elementor-inner-column elementor-element elementor-element-46648d89\" data-id=\"46648d89\" data-element_type=\"column\" data-e-type=\"column\">\n\t\t\t<div class=\"elementor-widget-wrap elementor-element-populated\">\n\t\t\t\t\t\t<div class=\"elementor-element elementor-element-3b80d2fb elementor-widget elementor-widget-heading\" data-id=\"3b80d2fb\" data-element_type=\"widget\" data-e-type=\"widget\" data-widget_type=\"heading.default\">\n\t\t\t\t<div class=\"elementor-widget-container\">\n\t\t\t\t\t<h2 class=\"elementor-heading-title elementor-size-default\">D\u00e9couvrez les joies de votre propre maison<\/h2>\t\t\t\t<\/div>\n\t\t\t\t<\/div>\n\t\t\t\t\t<\/div>\n\t\t<\/div>\n\t\t\t\t<div class=\"elementor-column elementor-col-50 elementor-inner-column elementor-element elementor-element-d27c4d0\" data-id=\"d27c4d0\" data-element_type=\"column\" data-e-type=\"column\">\n\t\t\t<div class=\"elementor-widget-wrap elementor-element-populated\">\n\t\t\t\t\t\t\t<\/div>\n\t\t<\/div>\n\t\t\t\t\t<\/div>\n\t\t<\/section>\n\t\t\t\t<section class=\"elementor-section elementor-inner-section elementor-element elementor-element-2dc9103 elementor-section-boxed elementor-section-height-default elementor-section-height-default\" data-id=\"2dc9103\" data-element_type=\"section\" data-e-type=\"section\">\n\t\t\t\t\t\t<div class=\"elementor-container elementor-column-gap-default\">\n\t\t\t\t\t<div class=\"elementor-column elementor-col-33 elementor-inner-column elementor-element elementor-element-5d9ecfae elementor-invisible\" data-id=\"5d9ecfae\" data-element_type=\"column\" data-e-type=\"column\" data-settings=\"{&quot;animation&quot;:&quot;fadeInUp&quot;,&quot;animation_delay&quot;:720}\">\n\t\t\t<div class=\"elementor-widget-wrap\">\n\t\t\t\t\t\t\t<\/div>\n\t\t<\/div>\n\t\t\t\t<div class=\"elementor-column elementor-col-33 elementor-inner-column elementor-element elementor-element-4e02541c elementor-invisible\" data-id=\"4e02541c\" data-element_type=\"column\" data-e-type=\"column\" data-settings=\"{&quot;animation&quot;:&quot;fadeInUp&quot;,&quot;animation_delay&quot;:360}\">\n\t\t\t<div class=\"elementor-widget-wrap\">\n\t\t\t\t\t\t\t<\/div>\n\t\t<\/div>\n\t\t\t\t<div class=\"elementor-column elementor-col-33 elementor-inner-column elementor-element elementor-element-e1bb7ff elementor-invisible\" data-id=\"e1bb7ff\" data-element_type=\"column\" data-e-type=\"column\" data-settings=\"{&quot;animation&quot;:&quot;fadeInUp&quot;}\">\n\t\t\t<div class=\"elementor-widget-wrap\">\n\t\t\t\t\t\t\t<\/div>\n\t\t<\/div>\n\t\t\t\t\t<\/div>\n\t\t<\/section>\n\t\t\t\t\t<\/div>\n\t\t<\/div>\n\t\t\t\t\t<\/div>\n\t\t<\/section>\n\t\t\t\t<section class=\"elementor-section elementor-top-section elementor-element elementor-element-670c17aa elementor-section-boxed elementor-section-height-default elementor-section-height-default\" data-id=\"670c17aa\" data-element_type=\"section\" data-e-type=\"section\" data-settings=\"{&quot;background_background&quot;:&quot;classic&quot;}\">\n\t\t\t\t\t\t<div class=\"elementor-container elementor-column-gap-default\">\n\t\t\t\t\t<div class=\"elementor-column elementor-col-100 elementor-top-column elementor-element elementor-element-528c6ba1\" data-id=\"528c6ba1\" data-element_type=\"column\" data-e-type=\"column\">\n\t\t\t<div class=\"elementor-widget-wrap elementor-element-populated\">\n\t\t\t\t\t\t<div class=\"elementor-element elementor-element-579fd94f elementor-widget elementor-widget-heading\" data-id=\"579fd94f\" data-element_type=\"widget\" data-e-type=\"widget\" data-widget_type=\"heading.default\">\n\t\t\t\t<div class=\"elementor-widget-container\">\n\t\t\t\t\t<h2 class=\"elementor-heading-title elementor-size-default\">Aper\u00e7u<\/h2>\t\t\t\t<\/div>\n\t\t\t\t<\/div>\n\t\t\t\t<div class=\"elementor-element elementor-element-32672cd8 elementor-widget-divider--view-line_text elementor-widget-divider--element-align-left elementor-widget elementor-widget-divider\" data-id=\"32672cd8\" data-element_type=\"widget\" data-e-type=\"widget\" data-widget_type=\"divider.default\">\n\t\t\t\t<div class=\"elementor-widget-container\">\n\t\t\t\t\t\t\t<div class=\"elementor-divider\">\n\t\t\t<span class=\"elementor-divider-separator\">\n\t\t\t\t\t\t\t<span class=\"elementor-divider__text elementor-divider__element\">\n\t\t\t\tNouvelles et articles\t\t\t\t<\/span>\n\t\t\t\t\t\t<\/span>\n\t\t<\/div>\n\t\t\t\t\t\t<\/div>\n\t\t\t\t<\/div>\n\t\t\t\t\t<\/div>\n\t\t<\/div>\n\t\t\t\t\t<\/div>\n\t\t<\/section>\n\t\t\t\t<\/div>\n\t\t","protected":false},"excerpt":{"rendered":"<p>A propos de nous La famille GIARDINI &#8211; qui est \u00e0 l&rsquo;origine du \u00ab\u00a0Podere Calvaiola\u00a0\u00bb. est originaire de la ville de Milan, o\u00f9 de nombreux int\u00e9r\u00eats professionnels subsistent.Pietro a un emploi principal dans le domaine de la mode, mais il est devenu un amoureux de la vie tranquille \u00e0 Calvaiola. Vous le trouverez toujours pour [&hellip;]<\/p>\n","protected":false},"author":1,"featured_media":0,"parent":0,"menu_order":0,"comment_status":"closed","ping_status":"closed","template":"","meta":{"footnotes":""},"class_list":["post-2396","page","type-page","status-publish","hentry"],"_links":{"self":[{"href":"https:\/\/poderecalvaiola.com\/fr\/wp-json\/wp\/v2\/pages\/2396","targetHints":{"allow":["GET"]}}],"collection":[{"href":"https:\/\/poderecalvaiola.com\/fr\/wp-json\/wp\/v2\/pages"}],"about":[{"href":"https:\/\/poderecalvaiola.com\/fr\/wp-json\/wp\/v2\/types\/page"}],"author":[{"embeddable":true,"href":"https:\/\/poderecalvaiola.com\/fr\/wp-json\/wp\/v2\/users\/1"}],"replies":[{"embeddable":true,"href":"https:\/\/poderecalvaiola.com\/fr\/wp-json\/wp\/v2\/comments?post=2396"}],"version-history":[{"count":2,"href":"https:\/\/poderecalvaiola.com\/fr\/wp-json\/wp\/v2\/pages\/2396\/revisions"}],"predecessor-version":[{"id":2398,"href":"https:\/\/poderecalvaiola.com\/fr\/wp-json\/wp\/v2\/pages\/2396\/revisions\/2398"}],"wp:attachment":[{"href":"https:\/\/poderecalvaiola.com\/fr\/wp-json\/wp\/v2\/media?parent=2396"}],"curies":[{"name":"wp","href":"https:\/\/api.w.org\/{rel}","templated":true}]}}