{"id":2383,"date":"2024-10-05T22:45:35","date_gmt":"2024-10-05T20:45:35","guid":{"rendered":"https:\/\/poderecalvaiola.com\/o-stranke\/"},"modified":"2025-01-08T21:59:08","modified_gmt":"2025-01-08T19:59:08","slug":"o-stranke","status":"publish","type":"page","link":"https:\/\/poderecalvaiola.com\/sk\/o-stranke\/","title":{"rendered":"O str\u00e1nke"},"content":{"rendered":"\t\t<div data-elementor-type=\"wp-page\" data-elementor-id=\"2383\" class=\"elementor elementor-2383 elementor-561\" data-elementor-post-type=\"page\">\n\t\t\t\t\t\t<section class=\"elementor-section elementor-top-section elementor-element elementor-element-46241526 elementor-section-boxed elementor-section-height-default elementor-section-height-default\" data-id=\"46241526\" data-element_type=\"section\" data-e-type=\"section\" data-settings=\"{&quot;background_background&quot;:&quot;classic&quot;}\">\n\t\t\t\t\t\t\t<div class=\"elementor-background-overlay\"><\/div>\n\t\t\t\t\t\t\t<div class=\"elementor-container elementor-column-gap-default\">\n\t\t\t\t\t<div class=\"elementor-column elementor-col-100 elementor-top-column elementor-element elementor-element-4e73e0fc\" data-id=\"4e73e0fc\" data-element_type=\"column\" data-e-type=\"column\">\n\t\t\t<div class=\"elementor-widget-wrap elementor-element-populated\">\n\t\t\t\t\t\t<div class=\"elementor-element elementor-element-7223c7f6 elementor-widget__width-auto elementor-invisible elementor-widget elementor-widget-heading\" data-id=\"7223c7f6\" data-element_type=\"widget\" data-e-type=\"widget\" data-settings=\"{&quot;_animation&quot;:&quot;fadeInLeft&quot;}\" data-widget_type=\"heading.default\">\n\t\t\t\t<div class=\"elementor-widget-container\">\n\t\t\t\t\t<h2 class=\"elementor-heading-title elementor-size-default\">O n\u00e1s<\/h2>\t\t\t\t<\/div>\n\t\t\t\t<\/div>\n\t\t\t\t\t<\/div>\n\t\t<\/div>\n\t\t\t\t\t<\/div>\n\t\t<\/section>\n\t\t<div class=\"elementor-element elementor-element-d53008c e-flex e-con-boxed e-con e-parent\" data-id=\"d53008c\" data-element_type=\"container\" data-e-type=\"container\">\n\t\t\t\t\t<div class=\"e-con-inner\">\n\t\t<div class=\"elementor-element elementor-element-82c1934 e-flex e-con-boxed e-con e-child\" data-id=\"82c1934\" data-element_type=\"container\" data-e-type=\"container\">\n\t\t\t\t\t<div class=\"e-con-inner\">\n\t\t\t\t<div class=\"elementor-element elementor-element-b436f9c elementor-widget elementor-widget-heading\" data-id=\"b436f9c\" data-element_type=\"widget\" data-e-type=\"widget\" data-widget_type=\"heading.default\">\n\t\t\t\t<div class=\"elementor-widget-container\">\n\t\t\t\t\t<h1 class=\"elementor-heading-title elementor-size-default\">Rodina GIARDINI - ktor\u00e1 stoj\u00ed za \"Podere Calvaiola\"<\/h1>\t\t\t\t<\/div>\n\t\t\t\t<\/div>\n\t\t\t\t<div class=\"elementor-element elementor-element-dabde1d elementor-drop-cap-yes elementor-drop-cap-view-default elementor-widget elementor-widget-text-editor\" data-id=\"dabde1d\" data-element_type=\"widget\" data-e-type=\"widget\" data-settings=\"{&quot;drop_cap&quot;:&quot;yes&quot;}\" data-widget_type=\"text-editor.default\">\n\t\t\t\t<div class=\"elementor-widget-container\">\n\t\t\t\t\t\t\t\t\t<p>poch\u00e1dza z mesta Mil\u00e1no, kde st\u00e1le pretrv\u00e1vaj\u00fa mnoh\u00e9 pracovn\u00e9 z\u00e1ujmy.<br \/><strong>Pietro<\/strong> m\u00e1 hlavn\u00e9 zamestnanie v oblasti m\u00f3dy, ale st\u00e1va sa milovn\u00edkom pokojn\u00e9ho \u017eivota v Calvaiole. V\u017edy v\u00e1s priv\u00edta s kr\u00e1snym \u00fasmevom a sem-tam v\u00e1s pobav\u00ed pr\u00edbehmi o svojich dobrodru\u017estv\u00e1ch na plachetnici. <br \/><strong>Barbara<\/strong>, p\u00f4vodom zo Sard\u00ednie, sa v dopolud\u0148aj\u0161\u00edch hodin\u00e1ch star\u00e1 o verejn\u00e9 z\u00e1bavn\u00e9 podujatia pre susedn\u00fa obec. V mene Podere Calvaiola sa star\u00e1 o soci\u00e1lne profily a organizuje svadby. <\/p>\n<p>Uvid\u00edte mal\u00fa <strong>Sofiu<\/strong>, ako utek\u00e1 k baz\u00e9nu, ktor\u00fd miluje, alebo h\u013ead\u00e1 nejak\u00e9ho mal\u00e9ho hos\u0165a, s ktor\u00fdm by sa skamar\u00e1tila. V lete tu n\u00e1jdete aj ostatn\u00fdch \u010dlenov rodiny: <strong>Niccol\u00f2 piccolo, Nicol\u00f2 grande, Mario <\/strong>a <strong>Sabrina<\/strong>. <\/p>\n<p><strong> L\u00e1ska k<\/strong> umeniu a dizajnu sa prejavuje v modern\u00fdch umeleck\u00fdch soch\u00e1ch v na\u0161ej z\u00e1hrade, v origin\u00e1lnom n\u00e1bytku, kde sa klasick\u00fd n\u00e1bytok kombinuje s modern\u00fdmi predmetmi, dizajnom, obrazmi a modern\u00fdmi sochami.<br \/>Socha v z\u00e1hrade od Alfonsa Bonavitu, pocit slobody a pokoja ve\u013ek\u00e9ho \u010dloveka, ktor\u00fd sa vzn\u00e1\u0161a v lete, je tak trochu symbolom farmy ako &#8222;miesta absol\u00fatneho pokoja&#8220;.<\/p>\n<p>N\u00e1\u0161 labrador <strong>Chanel<\/strong> a rozko\u0161n\u00e9 ma\u010diatko Love v\u00e1m spr\u00edjemnia pobyt v Calvaiole.<\/p>\n<p>Hovoria: &#8222;miesto na regener\u00e1ciu &#8230;. farma, kde rozdiel je majitelia domov, ktor\u00ed miluj\u00fa cestovanie, kult\u00farnu rozmanitos\u0165, \u013eud\u00ed, bud\u00fa sa c\u00edti\u0165 ako doma &#8222;. <\/p>\n\t\t\t\t\t\t\t\t<\/div>\n\t\t\t\t<\/div>\n\t\t\t\t<div class=\"elementor-element elementor-element-8be6d1c elementor-widget elementor-widget-gallery\" data-id=\"8be6d1c\" data-element_type=\"widget\" data-e-type=\"widget\" data-settings=\"{&quot;columns&quot;:2,&quot;lazyload&quot;:&quot;yes&quot;,&quot;gallery_layout&quot;:&quot;grid&quot;,&quot;columns_tablet&quot;:2,&quot;columns_mobile&quot;:1,&quot;gap&quot;:{&quot;unit&quot;:&quot;px&quot;,&quot;size&quot;:10,&quot;sizes&quot;:[]},&quot;gap_tablet&quot;:{&quot;unit&quot;:&quot;px&quot;,&quot;size&quot;:10,&quot;sizes&quot;:[]},&quot;gap_mobile&quot;:{&quot;unit&quot;:&quot;px&quot;,&quot;size&quot;:10,&quot;sizes&quot;:[]},&quot;link_to&quot;:&quot;file&quot;,&quot;aspect_ratio&quot;:&quot;3:2&quot;,&quot;overlay_background&quot;:&quot;yes&quot;,&quot;content_hover_animation&quot;:&quot;fade-in&quot;}\" data-widget_type=\"gallery.default\">\n\t\t\t\t<div class=\"elementor-widget-container\">\n\t\t\t\t\t\t\t<div class=\"elementor-gallery__container\">\r\n\t\t\t\t\t\t\t<a class=\"e-gallery-item elementor-gallery-item elementor-animated-content\" href=\"https:\/\/poderecalvaiola.com\/wp-content\/uploads\/2024\/09\/family1pic-e1725559096512.jpg\" data-elementor-open-lightbox=\"yes\" data-elementor-lightbox-slideshow=\"8be6d1c\" data-elementor-lightbox-title=\"family1pic\" data-elementor-lightbox-description=\"Pietro Barbara e Sofia\" data-e-action-hash=\"#elementor-action%3Aaction%3Dlightbox%26settings%3DeyJpZCI6MjU1LCJ1cmwiOiJodHRwczpcL1wvcG9kZXJlY2FsdmFpb2xhLmNvbVwvd3AtY29udGVudFwvdXBsb2Fkc1wvMjAyNFwvMDlcL2ZhbWlseTFwaWMtZTE3MjU1NTkwOTY1MTIuanBnIiwic2xpZGVzaG93IjoiOGJlNmQxYyJ9\">\r\n\t\t\t\t\t<div class=\"e-gallery-image elementor-gallery-item__image\" data-thumbnail=\"https:\/\/poderecalvaiola.com\/wp-content\/uploads\/2024\/09\/family1pic-e1725559096512-300x144.jpg\" data-width=\"300\" data-height=\"144\" aria-label=\"Contact us for your best Holiday or event\" role=\"img\" ><\/div>\r\n\t\t\t\t\t\t\t\t\t\t\t<div class=\"elementor-gallery-item__overlay\"><\/div>\r\n\t\t\t\t\t\t\t\t\t\t\t\t\t\t<\/a>\r\n\t\t\t\t\t\t\t<a class=\"e-gallery-item elementor-gallery-item elementor-animated-content\" href=\"https:\/\/poderecalvaiola.com\/wp-content\/uploads\/2024\/10\/family3pic.webp\" data-elementor-open-lightbox=\"yes\" data-elementor-lightbox-slideshow=\"8be6d1c\" data-elementor-lightbox-title=\"family3pic\" data-elementor-lightbox-description=\"Barbara &amp; Sofia\" data-e-action-hash=\"#elementor-action%3Aaction%3Dlightbox%26settings%3DeyJpZCI6NTc4LCJ1cmwiOiJodHRwczpcL1wvcG9kZXJlY2FsdmFpb2xhLmNvbVwvd3AtY29udGVudFwvdXBsb2Fkc1wvMjAyNFwvMTBcL2ZhbWlseTNwaWMud2VicCIsInNsaWRlc2hvdyI6IjhiZTZkMWMifQ%3D%3D\">\r\n\t\t\t\t\t<div class=\"e-gallery-image elementor-gallery-item__image\" data-thumbnail=\"https:\/\/poderecalvaiola.com\/wp-content\/uploads\/2024\/10\/family3pic-300x200.webp\" data-width=\"300\" data-height=\"200\" aria-label=\"Barbara &amp; Sofia\" role=\"img\" ><\/div>\r\n\t\t\t\t\t\t\t\t\t\t\t<div class=\"elementor-gallery-item__overlay\"><\/div>\r\n\t\t\t\t\t\t\t\t\t\t\t\t\t\t<\/a>\r\n\t\t\t\t\t<\/div>\r\n\t\t\t\t\t<\/div>\n\t\t\t\t<\/div>\n\t\t\t\t\t<\/div>\n\t\t\t\t<\/div>\n\t\t\t\t\t<\/div>\n\t\t\t\t<\/div>\n\t\t<div class=\"elementor-element elementor-element-0958abf e-flex e-con-boxed e-con e-parent\" data-id=\"0958abf\" data-element_type=\"container\" data-e-type=\"container\">\n\t\t\t\t\t<div class=\"e-con-inner\">\n\t\t\t\t<div class=\"elementor-element elementor-element-e3a8b82 elementor-widget elementor-widget-spacer\" data-id=\"e3a8b82\" data-element_type=\"widget\" data-e-type=\"widget\" data-widget_type=\"spacer.default\">\n\t\t\t\t<div class=\"elementor-widget-container\">\n\t\t\t\t\t\t\t<div class=\"elementor-spacer\">\n\t\t\t<div class=\"elementor-spacer-inner\"><\/div>\n\t\t<\/div>\n\t\t\t\t\t\t<\/div>\n\t\t\t\t<\/div>\n\t\t\t\t\t<\/div>\n\t\t\t\t<\/div>\n\t\t<div class=\"elementor-element elementor-element-fa874bd e-flex e-con-boxed e-con e-parent\" data-id=\"fa874bd\" data-element_type=\"container\" data-e-type=\"container\">\n\t\t\t\t\t<div class=\"e-con-inner\">\n\t\t<div class=\"elementor-element elementor-element-f5a9407 e-flex e-con-boxed e-con e-child\" data-id=\"f5a9407\" data-element_type=\"container\" data-e-type=\"container\">\n\t\t\t\t\t<div class=\"e-con-inner\">\n\t\t\t\t<div class=\"elementor-element elementor-element-c6298bd elementor-widget elementor-widget-heading\" data-id=\"c6298bd\" data-element_type=\"widget\" data-e-type=\"widget\" data-widget_type=\"heading.default\">\n\t\t\t\t<div class=\"elementor-widget-container\">\n\t\t\t\t\t<h2 class=\"elementor-heading-title elementor-size-default\">HIST\u00d3RIA<\/h2>\t\t\t\t<\/div>\n\t\t\t\t<\/div>\n\t\t\t\t<div class=\"elementor-element elementor-element-f8fe295 elementor-drop-cap-yes elementor-drop-cap-view-default elementor-widget elementor-widget-text-editor\" data-id=\"f8fe295\" data-element_type=\"widget\" data-e-type=\"widget\" data-settings=\"{&quot;drop_cap&quot;:&quot;yes&quot;}\" data-widget_type=\"text-editor.default\">\n\t\t\t\t<div class=\"elementor-widget-container\">\n\t\t\t\t\t\t\t\t\t<p>Statok bol postaven\u00fd v roku 1750 pre 3 rodiny, ktor\u00e9 mali za \u00falohu obhospodarova\u0165 \u00farodu na okolit\u00fdch pozemkoch.<\/p>\n<p>Rozprestiera sa medzi etrusk\u00fdmi ruinami, okolit\u00e1 krajina bola v skuto\u010dnosti s\u00fa\u010das\u0165ou \u0161t\u00e1tu Etruskov z Volterry a od roku 1700 bar\u00f3nov z Casaglie. Pr\u00e1ve v jeho lese sa v roku 1932 na\u0161la hrobka poch\u00e1dzaj\u00faca z \u010dias mocnej etruskej rodiny. T\u00e1to hrobka sa teraz nach\u00e1dza v archeologickom m\u00fazeu v Cecine. Z tohto d\u00f4vodu je dnes \u010das\u0165 okolit\u00e9ho lesa viazan\u00e1 na kult\u00farne dedi\u010dstvo.   <\/p>\n<p>Po druhej svetovej vojne zostal dom &#8222;neob\u00fdvan\u00fd&#8220;, a\u017e k\u00fdm ho v roku 2008 nek\u00fapila rodina Giardini a konzervat\u00edvne ho zrekon\u0161truovala, aby zachovala autentickos\u0165 stavby a pou\u017eit\u00fdch materi\u00e1lov.<\/p>\n<p>T\u00e1to starobyl\u00e1 farma s 360-stup\u0148ov\u00fdm v\u00fdh\u013eadom na tosk\u00e1nsku krajinu pon\u00faka mo\u017enos\u0165 exkluz\u00edvneho pren\u00e1jmu na obrady a podujatia alebo aj mo\u017enos\u0165 prenocovania.<\/p>\n<p>T\u00e1to farma pon\u00faka 6 apartm\u00e1nov s relaxa\u010dn\u00fdm baz\u00e9nom a pr\u00edjemn\u00fdm v\u00fdh\u013eadom na tosk\u00e1nske kopce. Na 100 hekt\u00e1roch obr\u00e1banej p\u00f4dy sa vytv\u00e1ra s\u00fakromn\u00e1 a pokojn\u00e1 atmosf\u00e9ra. Podere Calvaiola je ide\u00e1lnym miestom na oddych a vytv\u00e1ranie spomienok uprostred okolit\u00fdch kr\u00e1s. Pozri ni\u017e\u0161ie fotografie z rekon\u0161trukcie vykonanej pred nieko\u013ek\u00fdmi rokmi.   <\/p>\n\t\t\t\t\t\t\t\t<\/div>\n\t\t\t\t<\/div>\n\t\t\t\t<div class=\"elementor-element elementor-element-077f464 elementor-widget elementor-widget-gallery\" data-id=\"077f464\" data-element_type=\"widget\" data-e-type=\"widget\" data-settings=\"{&quot;gallery_layout&quot;:&quot;masonry&quot;,&quot;lazyload&quot;:&quot;yes&quot;,&quot;columns&quot;:4,&quot;columns_tablet&quot;:2,&quot;columns_mobile&quot;:1,&quot;gap&quot;:{&quot;unit&quot;:&quot;px&quot;,&quot;size&quot;:10,&quot;sizes&quot;:[]},&quot;gap_tablet&quot;:{&quot;unit&quot;:&quot;px&quot;,&quot;size&quot;:10,&quot;sizes&quot;:[]},&quot;gap_mobile&quot;:{&quot;unit&quot;:&quot;px&quot;,&quot;size&quot;:10,&quot;sizes&quot;:[]},&quot;link_to&quot;:&quot;file&quot;,&quot;overlay_background&quot;:&quot;yes&quot;,&quot;content_hover_animation&quot;:&quot;fade-in&quot;}\" data-widget_type=\"gallery.default\">\n\t\t\t\t<div class=\"elementor-widget-container\">\n\t\t\t\t\t\t\t<div class=\"elementor-gallery__container\">\r\n\t\t\t\t\t\t\t<a class=\"e-gallery-item elementor-gallery-item elementor-animated-content\" href=\"https:\/\/poderecalvaiola.com\/wp-content\/uploads\/2024\/10\/story1.webp\" data-elementor-open-lightbox=\"yes\" data-elementor-lightbox-slideshow=\"077f464\" data-elementor-lightbox-title=\"story1\" data-elementor-lightbox-description=\"old view compared to present in Podere Calvaiola\" data-e-action-hash=\"#elementor-action%3Aaction%3Dlightbox%26settings%3DeyJpZCI6NTgyLCJ1cmwiOiJodHRwczpcL1wvcG9kZXJlY2FsdmFpb2xhLmNvbVwvd3AtY29udGVudFwvdXBsb2Fkc1wvMjAyNFwvMTBcL3N0b3J5MS53ZWJwIiwic2xpZGVzaG93IjoiMDc3ZjQ2NCJ9\">\r\n\t\t\t\t\t<div class=\"e-gallery-image elementor-gallery-item__image\" data-thumbnail=\"https:\/\/poderecalvaiola.com\/wp-content\/uploads\/2024\/10\/story1.webp\" data-width=\"1080\" data-height=\"1686\" aria-label=\"old view compared to present in Podere Calvaiola\" role=\"img\" ><\/div>\r\n\t\t\t\t\t\t\t\t\t\t\t<div class=\"elementor-gallery-item__overlay\"><\/div>\r\n\t\t\t\t\t\t\t\t\t\t\t\t\t\t<\/a>\r\n\t\t\t\t\t\t\t<a class=\"e-gallery-item elementor-gallery-item elementor-animated-content\" href=\"https:\/\/poderecalvaiola.com\/wp-content\/uploads\/2024\/10\/story4.webp\" data-elementor-open-lightbox=\"yes\" data-elementor-lightbox-slideshow=\"077f464\" data-elementor-lightbox-title=\"story4\" data-elementor-lightbox-description=\"old view compared to present in Podere Calvaiola\" data-e-action-hash=\"#elementor-action%3Aaction%3Dlightbox%26settings%3DeyJpZCI6NTgwLCJ1cmwiOiJodHRwczpcL1wvcG9kZXJlY2FsdmFpb2xhLmNvbVwvd3AtY29udGVudFwvdXBsb2Fkc1wvMjAyNFwvMTBcL3N0b3J5NC53ZWJwIiwic2xpZGVzaG93IjoiMDc3ZjQ2NCJ9\">\r\n\t\t\t\t\t<div class=\"e-gallery-image elementor-gallery-item__image\" data-thumbnail=\"https:\/\/poderecalvaiola.com\/wp-content\/uploads\/2024\/10\/story4.webp\" data-width=\"1080\" data-height=\"1686\" aria-label=\"old view compared to present in Podere Calvaiola\" role=\"img\" ><\/div>\r\n\t\t\t\t\t\t\t\t\t\t\t<div class=\"elementor-gallery-item__overlay\"><\/div>\r\n\t\t\t\t\t\t\t\t\t\t\t\t\t\t<\/a>\r\n\t\t\t\t\t\t\t<a class=\"e-gallery-item elementor-gallery-item elementor-animated-content\" href=\"https:\/\/poderecalvaiola.com\/wp-content\/uploads\/2024\/10\/story3.webp\" data-elementor-open-lightbox=\"yes\" data-elementor-lightbox-slideshow=\"077f464\" data-elementor-lightbox-title=\"story3\" data-elementor-lightbox-description=\"old view compared to present in Podere Calvaiola\" data-e-action-hash=\"#elementor-action%3Aaction%3Dlightbox%26settings%3DeyJpZCI6NTgxLCJ1cmwiOiJodHRwczpcL1wvcG9kZXJlY2FsdmFpb2xhLmNvbVwvd3AtY29udGVudFwvdXBsb2Fkc1wvMjAyNFwvMTBcL3N0b3J5My53ZWJwIiwic2xpZGVzaG93IjoiMDc3ZjQ2NCJ9\">\r\n\t\t\t\t\t<div class=\"e-gallery-image elementor-gallery-item__image\" data-thumbnail=\"https:\/\/poderecalvaiola.com\/wp-content\/uploads\/2024\/10\/story3.webp\" data-width=\"1080\" data-height=\"1686\" aria-label=\"old view compared to present in Podere Calvaiola\" role=\"img\" ><\/div>\r\n\t\t\t\t\t\t\t\t\t\t\t<div class=\"elementor-gallery-item__overlay\"><\/div>\r\n\t\t\t\t\t\t\t\t\t\t\t\t\t\t<\/a>\r\n\t\t\t\t\t\t\t<a class=\"e-gallery-item elementor-gallery-item elementor-animated-content\" href=\"https:\/\/poderecalvaiola.com\/wp-content\/uploads\/2024\/10\/story2.webp\" data-elementor-open-lightbox=\"yes\" data-elementor-lightbox-slideshow=\"077f464\" data-elementor-lightbox-title=\"story2\" data-elementor-lightbox-description=\"old view compared to present in Podere Calvaiola\" data-e-action-hash=\"#elementor-action%3Aaction%3Dlightbox%26settings%3DeyJpZCI6NTc5LCJ1cmwiOiJodHRwczpcL1wvcG9kZXJlY2FsdmFpb2xhLmNvbVwvd3AtY29udGVudFwvdXBsb2Fkc1wvMjAyNFwvMTBcL3N0b3J5Mi53ZWJwIiwic2xpZGVzaG93IjoiMDc3ZjQ2NCJ9\">\r\n\t\t\t\t\t<div class=\"e-gallery-image elementor-gallery-item__image\" data-thumbnail=\"https:\/\/poderecalvaiola.com\/wp-content\/uploads\/2024\/10\/story2.webp\" data-width=\"1080\" data-height=\"1686\" aria-label=\"old view compared to present in Podere Calvaiola\" role=\"img\" ><\/div>\r\n\t\t\t\t\t\t\t\t\t\t\t<div class=\"elementor-gallery-item__overlay\"><\/div>\r\n\t\t\t\t\t\t\t\t\t\t\t\t\t\t<\/a>\r\n\t\t\t\t\t<\/div>\r\n\t\t\t\t\t<\/div>\n\t\t\t\t<\/div>\n\t\t\t\t\t<\/div>\n\t\t\t\t<\/div>\n\t\t\t\t\t<\/div>\n\t\t\t\t<\/div>\n\t\t\t\t<section class=\"elementor-section elementor-top-section elementor-element elementor-element-2633bbe8 elementor-section-boxed elementor-section-height-default elementor-section-height-default\" data-id=\"2633bbe8\" data-element_type=\"section\" data-e-type=\"section\" data-settings=\"{&quot;background_background&quot;:&quot;classic&quot;}\">\n\t\t\t\t\t\t\t<div class=\"elementor-background-overlay\"><\/div>\n\t\t\t\t\t\t\t<div class=\"elementor-container elementor-column-gap-default\">\n\t\t\t\t\t<div class=\"elementor-column elementor-col-100 elementor-top-column elementor-element elementor-element-4865e454\" data-id=\"4865e454\" data-element_type=\"column\" data-e-type=\"column\">\n\t\t\t<div class=\"elementor-widget-wrap elementor-element-populated\">\n\t\t\t\t\t\t<section class=\"elementor-section elementor-inner-section elementor-element elementor-element-3ec64db2 elementor-section-boxed elementor-section-height-default elementor-section-height-default\" data-id=\"3ec64db2\" data-element_type=\"section\" data-e-type=\"section\">\n\t\t\t\t\t\t<div class=\"elementor-container elementor-column-gap-default\">\n\t\t\t\t\t<div class=\"elementor-column elementor-col-50 elementor-inner-column elementor-element elementor-element-46648d89\" data-id=\"46648d89\" data-element_type=\"column\" data-e-type=\"column\">\n\t\t\t<div class=\"elementor-widget-wrap elementor-element-populated\">\n\t\t\t\t\t\t<div class=\"elementor-element elementor-element-3b80d2fb elementor-widget elementor-widget-heading\" data-id=\"3b80d2fb\" data-element_type=\"widget\" data-e-type=\"widget\" data-widget_type=\"heading.default\">\n\t\t\t\t<div class=\"elementor-widget-container\">\n\t\t\t\t\t<h2 class=\"elementor-heading-title elementor-size-default\">Objavte rados\u0165 z vlastn\u00e9ho domova<\/h2>\t\t\t\t<\/div>\n\t\t\t\t<\/div>\n\t\t\t\t\t<\/div>\n\t\t<\/div>\n\t\t\t\t<div class=\"elementor-column elementor-col-50 elementor-inner-column elementor-element elementor-element-d27c4d0\" data-id=\"d27c4d0\" data-element_type=\"column\" data-e-type=\"column\">\n\t\t\t<div class=\"elementor-widget-wrap elementor-element-populated\">\n\t\t\t\t\t\t\t<\/div>\n\t\t<\/div>\n\t\t\t\t\t<\/div>\n\t\t<\/section>\n\t\t\t\t<section class=\"elementor-section elementor-inner-section elementor-element elementor-element-2dc9103 elementor-section-boxed elementor-section-height-default elementor-section-height-default\" data-id=\"2dc9103\" data-element_type=\"section\" data-e-type=\"section\">\n\t\t\t\t\t\t<div class=\"elementor-container elementor-column-gap-default\">\n\t\t\t\t\t<div class=\"elementor-column elementor-col-33 elementor-inner-column elementor-element elementor-element-5d9ecfae elementor-invisible\" data-id=\"5d9ecfae\" data-element_type=\"column\" data-e-type=\"column\" data-settings=\"{&quot;animation&quot;:&quot;fadeInUp&quot;,&quot;animation_delay&quot;:720}\">\n\t\t\t<div class=\"elementor-widget-wrap\">\n\t\t\t\t\t\t\t<\/div>\n\t\t<\/div>\n\t\t\t\t<div class=\"elementor-column elementor-col-33 elementor-inner-column elementor-element elementor-element-4e02541c elementor-invisible\" data-id=\"4e02541c\" data-element_type=\"column\" data-e-type=\"column\" data-settings=\"{&quot;animation&quot;:&quot;fadeInUp&quot;,&quot;animation_delay&quot;:360}\">\n\t\t\t<div class=\"elementor-widget-wrap\">\n\t\t\t\t\t\t\t<\/div>\n\t\t<\/div>\n\t\t\t\t<div class=\"elementor-column elementor-col-33 elementor-inner-column elementor-element elementor-element-e1bb7ff elementor-invisible\" data-id=\"e1bb7ff\" data-element_type=\"column\" data-e-type=\"column\" data-settings=\"{&quot;animation&quot;:&quot;fadeInUp&quot;}\">\n\t\t\t<div class=\"elementor-widget-wrap\">\n\t\t\t\t\t\t\t<\/div>\n\t\t<\/div>\n\t\t\t\t\t<\/div>\n\t\t<\/section>\n\t\t\t\t\t<\/div>\n\t\t<\/div>\n\t\t\t\t\t<\/div>\n\t\t<\/section>\n\t\t\t\t<section class=\"elementor-section elementor-top-section elementor-element elementor-element-670c17aa elementor-section-boxed elementor-section-height-default elementor-section-height-default\" data-id=\"670c17aa\" data-element_type=\"section\" data-e-type=\"section\" data-settings=\"{&quot;background_background&quot;:&quot;classic&quot;}\">\n\t\t\t\t\t\t<div class=\"elementor-container elementor-column-gap-default\">\n\t\t\t\t\t<div class=\"elementor-column elementor-col-100 elementor-top-column elementor-element elementor-element-528c6ba1\" data-id=\"528c6ba1\" data-element_type=\"column\" data-e-type=\"column\">\n\t\t\t<div class=\"elementor-widget-wrap elementor-element-populated\">\n\t\t\t\t\t\t<div class=\"elementor-element elementor-element-579fd94f elementor-widget elementor-widget-heading\" data-id=\"579fd94f\" data-element_type=\"widget\" data-e-type=\"widget\" data-widget_type=\"heading.default\">\n\t\t\t\t<div class=\"elementor-widget-container\">\n\t\t\t\t\t<h2 class=\"elementor-heading-title elementor-size-default\">Insight<\/h2>\t\t\t\t<\/div>\n\t\t\t\t<\/div>\n\t\t\t\t<div class=\"elementor-element elementor-element-32672cd8 elementor-widget-divider--view-line_text elementor-widget-divider--element-align-left elementor-widget elementor-widget-divider\" data-id=\"32672cd8\" data-element_type=\"widget\" data-e-type=\"widget\" data-widget_type=\"divider.default\">\n\t\t\t\t<div class=\"elementor-widget-container\">\n\t\t\t\t\t\t\t<div class=\"elementor-divider\">\n\t\t\t<span class=\"elementor-divider-separator\">\n\t\t\t\t\t\t\t<span class=\"elementor-divider__text elementor-divider__element\">\n\t\t\t\tNovinky a \u010dl\u00e1nky\t\t\t\t<\/span>\n\t\t\t\t\t\t<\/span>\n\t\t<\/div>\n\t\t\t\t\t\t<\/div>\n\t\t\t\t<\/div>\n\t\t\t\t\t<\/div>\n\t\t<\/div>\n\t\t\t\t\t<\/div>\n\t\t<\/section>\n\t\t\t\t<\/div>\n\t\t","protected":false},"excerpt":{"rendered":"<p>O n\u00e1s Rodina GIARDINI &#8211; ktor\u00e1 stoj\u00ed za &#8222;Podere Calvaiola&#8220; poch\u00e1dza z mesta Mil\u00e1no, kde st\u00e1le pretrv\u00e1vaj\u00fa mnoh\u00e9 pracovn\u00e9 z\u00e1ujmy.Pietro m\u00e1 hlavn\u00e9 zamestnanie v oblasti m\u00f3dy, ale st\u00e1va sa milovn\u00edkom pokojn\u00e9ho \u017eivota v Calvaiole. V\u017edy v\u00e1s priv\u00edta s kr\u00e1snym \u00fasmevom a sem-tam v\u00e1s pobav\u00ed pr\u00edbehmi o svojich dobrodru\u017estv\u00e1ch na plachetnici. Barbara, p\u00f4vodom zo Sard\u00ednie, sa [&hellip;]<\/p>\n","protected":false},"author":1,"featured_media":0,"parent":0,"menu_order":0,"comment_status":"closed","ping_status":"closed","template":"","meta":{"footnotes":""},"class_list":["post-2383","page","type-page","status-publish","hentry"],"_links":{"self":[{"href":"https:\/\/poderecalvaiola.com\/sk\/wp-json\/wp\/v2\/pages\/2383","targetHints":{"allow":["GET"]}}],"collection":[{"href":"https:\/\/poderecalvaiola.com\/sk\/wp-json\/wp\/v2\/pages"}],"about":[{"href":"https:\/\/poderecalvaiola.com\/sk\/wp-json\/wp\/v2\/types\/page"}],"author":[{"embeddable":true,"href":"https:\/\/poderecalvaiola.com\/sk\/wp-json\/wp\/v2\/users\/1"}],"replies":[{"embeddable":true,"href":"https:\/\/poderecalvaiola.com\/sk\/wp-json\/wp\/v2\/comments?post=2383"}],"version-history":[{"count":2,"href":"https:\/\/poderecalvaiola.com\/sk\/wp-json\/wp\/v2\/pages\/2383\/revisions"}],"predecessor-version":[{"id":2388,"href":"https:\/\/poderecalvaiola.com\/sk\/wp-json\/wp\/v2\/pages\/2383\/revisions\/2388"}],"wp:attachment":[{"href":"https:\/\/poderecalvaiola.com\/sk\/wp-json\/wp\/v2\/media?parent=2383"}],"curies":[{"name":"wp","href":"https:\/\/api.w.org\/{rel}","templated":true}]}}